{"id":2011,"date":"2021-08-12T10:37:40","date_gmt":"2021-08-12T09:37:40","guid":{"rendered":"https:\/\/cordofonesprimor.com\/?page_id=2011"},"modified":"2026-03-02T19:42:28","modified_gmt":"2026-03-02T19:42:28","slug":"servicos","status":"publish","type":"page","link":"https:\/\/cordofonesprimor.com\/en\/servicos\/","title":{"rendered":"Services"},"content":{"rendered":"<div data-elementor-type=\"wp-page\" data-elementor-id=\"2011\" class=\"elementor elementor-2011\">\n\t\t\t\t\t\t<section class=\"elementor-section elementor-top-section elementor-element elementor-element-d013342 elementor-section-boxed elementor-section-height-default elementor-section-height-default\" data-id=\"d013342\" data-element_type=\"section\" data-e-type=\"section\">\n\t\t\t\t\t\t<div class=\"elementor-container elementor-column-gap-no\">\n\t\t\t\t\t<div class=\"elementor-column elementor-col-100 elementor-top-column elementor-element elementor-element-25e36d4\" data-id=\"25e36d4\" data-element_type=\"column\" data-e-type=\"column\">\n\t\t\t<div class=\"elementor-widget-wrap elementor-element-populated\">\n\t\t\t\t\t\t<section class=\"elementor-section elementor-inner-section elementor-element elementor-element-d9dd0e5 elementor-section-boxed elementor-section-height-default elementor-section-height-default\" data-id=\"d9dd0e5\" data-element_type=\"section\" data-e-type=\"section\">\n\t\t\t\t\t\t<div class=\"elementor-container elementor-column-gap-no\">\n\t\t\t\t\t<div class=\"elementor-column elementor-col-100 elementor-inner-column elementor-element elementor-element-b0f7249\" data-id=\"b0f7249\" data-element_type=\"column\" data-e-type=\"column\">\n\t\t\t<div class=\"elementor-widget-wrap elementor-element-populated\">\n\t\t\t\t\t\t<div class=\"elementor-element elementor-element-34ee70b elementor-widget elementor-widget-heading\" data-id=\"34ee70b\" data-element_type=\"widget\" data-e-type=\"widget\" data-widget_type=\"heading.default\">\n\t\t\t\t<div class=\"elementor-widget-container\">\n\t\t\t\t\t<h6 class=\"elementor-heading-title elementor-size-default\">DISCOVER OUR SERVICES<\/h6>\t\t\t\t<\/div>\n\t\t\t\t<\/div>\n\t\t\t\t<div class=\"elementor-element elementor-element-590ac7b elementor-widget elementor-widget-heading\" data-id=\"590ac7b\" data-element_type=\"widget\" data-e-type=\"widget\" data-widget_type=\"heading.default\">\n\t\t\t\t<div class=\"elementor-widget-container\">\n\t\t\t\t\t<h2 class=\"elementor-heading-title elementor-size-default\">OUR SERVICES<\/h2>\t\t\t\t<\/div>\n\t\t\t\t<\/div>\n\t\t\t\t\t<\/div>\n\t\t<\/div>\n\t\t\t\t\t<\/div>\n\t\t<\/section>\n\t\t\t\t<div class=\"elementor-element elementor-element-341ad67 elementor-widget__width-inherit elementor-widget-tablet__width-inherit elementor-widget elementor-widget-text-editor\" data-id=\"341ad67\" data-element_type=\"widget\" data-e-type=\"widget\" data-widget_type=\"text-editor.default\">\n\t\t\t\t<div class=\"elementor-widget-container\">\n\t\t\t\t\t\t\t\t\t<p>The prices of our services may vary depending on the level of customization required and\/or the condition of the instrument to be restored.<\/p>\t\t\t\t\t\t\t\t<\/div>\n\t\t\t\t<\/div>\n\t\t\t\t<section class=\"elementor-section elementor-inner-section elementor-element elementor-element-99e7416 elementor-section-boxed elementor-section-height-default elementor-section-height-default\" data-id=\"99e7416\" data-element_type=\"section\" data-e-type=\"section\">\n\t\t\t\t\t\t<div class=\"elementor-container elementor-column-gap-no\">\n\t\t\t\t\t<div class=\"elementor-column elementor-col-50 elementor-inner-column elementor-element elementor-element-a37c885\" data-id=\"a37c885\" data-element_type=\"column\" data-e-type=\"column\">\n\t\t\t<div class=\"elementor-widget-wrap elementor-element-populated\">\n\t\t\t\t\t\t<div class=\"elementor-element elementor-element-de8d9ac elementor-widget elementor-widget-heading\" data-id=\"de8d9ac\" data-element_type=\"widget\" data-e-type=\"widget\" data-widget_type=\"heading.default\">\n\t\t\t\t<div class=\"elementor-widget-container\">\n\t\t\t\t\t<h4 class=\"elementor-heading-title elementor-size-default\">Restoration &amp; Decorative Arts<\/h4>\t\t\t\t<\/div>\n\t\t\t\t<\/div>\n\t\t\t\t<div class=\"elementor-element elementor-element-e825732 elementor-widget elementor-widget-image\" data-id=\"e825732\" data-element_type=\"widget\" data-e-type=\"widget\" data-widget_type=\"image.default\">\n\t\t\t\t<div class=\"elementor-widget-container\">\n\t\t\t\t\t\t\t\t\t\t\t\t\t\t\t<img fetchpriority=\"high\" decoding=\"async\" width=\"225\" height=\"300\" src=\"https:\/\/cordofonesprimor.com\/wp-content\/uploads\/2021\/09\/Restauro-e-Artes-Decorativas-HALOFX-225x300.jpg\" class=\"attachment-medium size-medium wp-image-2109\" alt=\"CORDOFONES PRIMOR - Marca Nacional (INPI) N.\u00ba 625893\" srcset=\"https:\/\/cordofonesprimor.com\/wp-content\/uploads\/2021\/09\/Restauro-e-Artes-Decorativas-HALOFX-225x300.jpg 225w, https:\/\/cordofonesprimor.com\/wp-content\/uploads\/2021\/09\/Restauro-e-Artes-Decorativas-HALOFX-scaled.jpg 1920w\" sizes=\"(max-width: 225px) 100vw, 225px\" \/>\t\t\t\t\t\t\t\t\t\t\t\t\t\t\t<\/div>\n\t\t\t\t<\/div>\n\t\t\t\t<div class=\"elementor-element elementor-element-c7452a8 elementor-widget elementor-widget-heading\" data-id=\"c7452a8\" data-element_type=\"widget\" data-e-type=\"widget\" data-widget_type=\"heading.default\">\n\t\t\t\t<div class=\"elementor-widget-container\">\n\t\t\t\t\t<h4 class=\"elementor-heading-title elementor-size-default\">Pre\u00e7\u00e1rio<\/h4>\t\t\t\t<\/div>\n\t\t\t\t<\/div>\n\t\t\t\t<div class=\"elementor-element elementor-element-bb27d1d elementor-widget elementor-widget-toggle\" data-id=\"bb27d1d\" data-element_type=\"widget\" data-e-type=\"widget\" data-widget_type=\"toggle.default\">\n\t\t\t\t<div class=\"elementor-widget-container\">\n\t\t\t\t\t\t\t<div class=\"elementor-toggle\">\n\t\t\t\t\t\t\t<div class=\"elementor-toggle-item\">\n\t\t\t\t\t<div id=\"elementor-tab-title-1961\" class=\"elementor-tab-title\" data-tab=\"1\" role=\"button\" aria-controls=\"elementor-tab-content-1961\" aria-expanded=\"false\">\n\t\t\t\t\t\t\t\t\t\t\t\t<span class=\"elementor-toggle-icon elementor-toggle-icon-left\" aria-hidden=\"true\">\n\t\t\t\t\t\t\t\t\t\t\t\t\t\t\t<span class=\"elementor-toggle-icon-closed\"><i class=\"fas fa-angle-right\"><\/i><\/span>\n\t\t\t\t\t\t\t\t<span class=\"elementor-toggle-icon-opened\"><i class=\"elementor-toggle-icon-opened fas fa-angle-down\"><\/i><\/span>\n\t\t\t\t\t\t\t\t\t\t\t\t\t<\/span>\n\t\t\t\t\t\t\t\t\t\t\t\t<a class=\"elementor-toggle-title\" tabindex=\"0\">Painting<\/a>\n\t\t\t\t\t<\/div>\n\n\t\t\t\t\t<div id=\"elementor-tab-content-1961\" class=\"elementor-tab-content elementor-clearfix\" data-tab=\"1\" role=\"region\" aria-labelledby=\"elementor-tab-title-1961\"><p>Pintura a liso nos tampos<br \/>~ 90\u20ac + IVA<\/p><p><span style=\"font-style: inherit; font-weight: inherit; color: var( --e-global-color-text ); font-family: var( --e-global-typography-text-font-family ), Verdana;\">Pintura com desenhos\/motivos decorativos nos tampos<br \/>~ 100\u20ac a 135\u20ac + IVA<br \/><\/span><\/p><p><span style=\"font-style: inherit; font-weight: inherit; color: var( --e-global-color-text ); font-family: var( --e-global-typography-text-font-family ), Verdana;\">Aplica\u00e7\u00e3o de verniz em violas \/ guitarras \/ baixos<br \/>~ 90\u20ac a 120\u20ac + IVA<\/span><\/p><p><span style=\"font-style: inherit; font-weight: inherit; color: var( --e-global-color-text ); font-family: var( --e-global-typography-text-font-family ), Verdana;\">Aplica\u00e7\u00e3o de verniz em baterias<br \/>~ 200\u20ac + IVA<\/span><\/p><p><span style=\"font-style: inherit; font-weight: inherit; color: var( --e-global-color-text ); font-family: var( --e-global-typography-text-font-family ), Verdana;\">Pintura a liso em baterias<br \/>~ 200\u20ac + IVA<\/span><\/p><p><span style=\"font-style: inherit; font-weight: inherit; color: var( --e-global-color-text ); font-family: var( --e-global-typography-text-font-family ), Verdana;\">Pintura com motivos decorativos em baterias<br \/>~ 300\u20ac + IVA<\/span><\/p><\/div>\n\t\t\t\t<\/div>\n\t\t\t\t\t\t\t<div class=\"elementor-toggle-item\">\n\t\t\t\t\t<div id=\"elementor-tab-title-1962\" class=\"elementor-tab-title\" data-tab=\"2\" role=\"button\" aria-controls=\"elementor-tab-content-1962\" aria-expanded=\"false\">\n\t\t\t\t\t\t\t\t\t\t\t\t<span class=\"elementor-toggle-icon elementor-toggle-icon-left\" aria-hidden=\"true\">\n\t\t\t\t\t\t\t\t\t\t\t\t\t\t\t<span class=\"elementor-toggle-icon-closed\"><i class=\"fas fa-angle-right\"><\/i><\/span>\n\t\t\t\t\t\t\t\t<span class=\"elementor-toggle-icon-opened\"><i class=\"elementor-toggle-icon-opened fas fa-angle-down\"><\/i><\/span>\n\t\t\t\t\t\t\t\t\t\t\t\t\t<\/span>\n\t\t\t\t\t\t\t\t\t\t\t\t<a class=\"elementor-toggle-title\" tabindex=\"0\">Restoration &amp; Cleaning<\/a>\n\t\t\t\t\t<\/div>\n\n\t\t\t\t\t<div id=\"elementor-tab-content-1962\" class=\"elementor-tab-content elementor-clearfix\" data-tab=\"2\" role=\"region\" aria-labelledby=\"elementor-tab-title-1962\"><p>Restauro de instrumentos<\/p><ul><li>Limpeza<br \/>~ 20\u20ac + IVA<\/li><li>Collage<ul><li>Simples<br \/>~ 20\u20ac + IVA<\/li><li>Medianas<br \/>~ 50\u20ac a 80\u20ac + IVA<\/li><li>Complexas<br \/>~ 80\u20ac a 120\u20ac + IVA<\/li><\/ul><\/li><li>Retoques de verniz<br \/>~ 20\u20ac a 30\u20ac + IVA<\/li><\/ul><p>Limpeza de suportes<br \/>~ 50\u20ac + IVA<\/p><\/div>\n\t\t\t\t<\/div>\n\t\t\t\t\t\t\t\t<\/div>\n\t\t\t\t\t\t<\/div>\n\t\t\t\t<\/div>\n\t\t\t\t\t<\/div>\n\t\t<\/div>\n\t\t\t\t<div class=\"elementor-column elementor-col-50 elementor-inner-column elementor-element elementor-element-8e3f86f\" data-id=\"8e3f86f\" data-element_type=\"column\" data-e-type=\"column\">\n\t\t\t<div class=\"elementor-widget-wrap elementor-element-populated\">\n\t\t\t\t\t\t<div class=\"elementor-element elementor-element-bf97825 elementor-widget elementor-widget-heading\" data-id=\"bf97825\" data-element_type=\"widget\" data-e-type=\"widget\" data-widget_type=\"heading.default\">\n\t\t\t\t<div class=\"elementor-widget-container\">\n\t\t\t\t\t<h4 class=\"elementor-heading-title elementor-size-default\">Maintenance &amp; Electronics<\/h4>\t\t\t\t<\/div>\n\t\t\t\t<\/div>\n\t\t\t\t<div class=\"elementor-element elementor-element-80513b6 elementor-widget elementor-widget-image\" data-id=\"80513b6\" data-element_type=\"widget\" data-e-type=\"widget\" data-widget_type=\"image.default\">\n\t\t\t\t<div class=\"elementor-widget-container\">\n\t\t\t\t\t\t\t\t\t\t\t\t\t\t\t<img decoding=\"async\" width=\"225\" height=\"300\" src=\"https:\/\/cordofonesprimor.com\/wp-content\/uploads\/2021\/05\/IMG_20210504_162115-225x300.jpg\" class=\"attachment-medium size-medium wp-image-1096\" alt=\"\" srcset=\"https:\/\/cordofonesprimor.com\/wp-content\/uploads\/2021\/05\/IMG_20210504_162115-225x300.jpg 225w, https:\/\/cordofonesprimor.com\/wp-content\/uploads\/2021\/05\/IMG_20210504_162115-768x1024.jpg 768w, https:\/\/cordofonesprimor.com\/wp-content\/uploads\/2021\/05\/IMG_20210504_162115-1152x1536.jpg 1152w, https:\/\/cordofonesprimor.com\/wp-content\/uploads\/2021\/05\/IMG_20210504_162115-1536x2048.jpg 1536w, https:\/\/cordofonesprimor.com\/wp-content\/uploads\/2021\/05\/IMG_20210504_162115-scaled.jpg 1920w\" sizes=\"(max-width: 225px) 100vw, 225px\" \/>\t\t\t\t\t\t\t\t\t\t\t\t\t\t\t<\/div>\n\t\t\t\t<\/div>\n\t\t\t\t<div class=\"elementor-element elementor-element-991a3e6 elementor-widget elementor-widget-heading\" data-id=\"991a3e6\" data-element_type=\"widget\" data-e-type=\"widget\" data-widget_type=\"heading.default\">\n\t\t\t\t<div class=\"elementor-widget-container\">\n\t\t\t\t\t<h4 class=\"elementor-heading-title elementor-size-default\">Pre\u00e7\u00e1rio<\/h4>\t\t\t\t<\/div>\n\t\t\t\t<\/div>\n\t\t\t\t<div class=\"elementor-element elementor-element-55dd117 elementor-widget elementor-widget-toggle\" data-id=\"55dd117\" data-element_type=\"widget\" data-e-type=\"widget\" data-widget_type=\"toggle.default\">\n\t\t\t\t<div class=\"elementor-widget-container\">\n\t\t\t\t\t\t\t<div class=\"elementor-toggle\">\n\t\t\t\t\t\t\t<div class=\"elementor-toggle-item\">\n\t\t\t\t\t<div id=\"elementor-tab-title-9001\" class=\"elementor-tab-title\" data-tab=\"1\" role=\"button\" aria-controls=\"elementor-tab-content-9001\" aria-expanded=\"false\">\n\t\t\t\t\t\t\t\t\t\t\t\t<span class=\"elementor-toggle-icon elementor-toggle-icon-left\" aria-hidden=\"true\">\n\t\t\t\t\t\t\t\t\t\t\t\t\t\t\t<span class=\"elementor-toggle-icon-closed\"><i class=\"fas fa-angle-right\"><\/i><\/span>\n\t\t\t\t\t\t\t\t<span class=\"elementor-toggle-icon-opened\"><i class=\"elementor-toggle-icon-opened fas fa-angle-down\"><\/i><\/span>\n\t\t\t\t\t\t\t\t\t\t\t\t\t<\/span>\n\t\t\t\t\t\t\t\t\t\t\t\t<a class=\"elementor-toggle-title\" tabindex=\"0\">Setups<\/a>\n\t\t\t\t\t<\/div>\n\n\t\t\t\t\t<div id=\"elementor-tab-content-9001\" class=\"elementor-tab-content elementor-clearfix\" data-tab=\"1\" role=\"region\" aria-labelledby=\"elementor-tab-title-9001\"><p>Manuten\u00e7\u00e3o Geral (inclui):<br \/>~ 50\u20ac + IVA<\/p><ul><li>Limpeza do bra\u00e7o e corpo<\/li><li>Coloca\u00e7\u00e3o de cordas (n\u00e3o incluidas)<\/li><li>Limpeza de eletr\u00f3nica<\/li><li>Afina\u00e7\u00e3o de oitavas<\/li><\/ul><p>Retifica\u00e7\u00e3o de trastes<br \/>~ 80\u20ac + IVA<\/p><p>Substitui\u00e7\u00e3o de trastes<br \/>~ 150\u20ac + IVA<\/p><p>Limpeza de eletr\u00f3nica<br \/>~ 20\u20ac + IVA<\/p><p>Retifica\u00e7\u00e3o de eletr\u00f3nica <br \/>~ Sob Consulta<\/p><p>Substitui\u00e7\u00e3o de eletr\u00f3nica (material n\u00e3o incluido)<br \/>~ 40\u20ac + IVA<\/p><p>Constru\u00e7\u00e3o e adapta\u00e7\u00e3o de instrumentos<br \/>~ Sob Consulta<\/p><\/div>\n\t\t\t\t<\/div>\n\t\t\t\t\t\t\t\t<\/div>\n\t\t\t\t\t\t<\/div>\n\t\t\t\t<\/div>\n\t\t\t\t\t<\/div>\n\t\t<\/div>\n\t\t\t\t\t<\/div>\n\t\t<\/section>\n\t\t\t\t\t<\/div>\n\t\t<\/div>\n\t\t\t\t\t<\/div>\n\t\t<\/section>\n\t\t\t\t<\/div>","protected":false},"excerpt":{"rendered":"<p>DESCUBRA OS NOSSOS SERVI\u00c7OS OS NOSSOS SERVI\u00c7OS Os pre\u00e7os dos nossos servi\u00e7os podem variar consoante o n\u00edvel de customiza\u00e7\u00e3o a aplicar e\/ou do estado do instrumento a restaurar. Restauro &amp; Artes Decorativas Pre\u00e7\u00e1rio Pintura Pintura a liso nos tampos~ 90\u20ac + IVA Pintura com desenhos\/motivos decorativos nos tampos~ 100\u20ac a 135\u20ac + IVA Aplica\u00e7\u00e3o de [&hellip;]<\/p>\n","protected":false},"author":1,"featured_media":0,"parent":0,"menu_order":0,"comment_status":"closed","ping_status":"closed","template":"","meta":{"footnotes":"","_wp_rev_ctl_limit":""},"class_list":["post-2011","page","type-page","status-publish","hentry"],"yoast_head":"<!-- This site is optimized with the Yoast SEO plugin v27.1.1 - https:\/\/yoast.com\/product\/yoast-seo-wordpress\/ -->\n<title>Servi\u00e7os - CORDOFONES PRIMOR - Marca Nacional (INPI) N.&ordm; 625893<\/title>\n<meta name=\"description\" content=\"Os nossos servi\u00e7os: Constru\u00e7\u00e3o, Manuten\u00e7\u00e3o e Repara\u00e7\u00e3o de Instrumentos Musicais.\" \/>\n<meta name=\"robots\" content=\"index, follow, max-snippet:-1, max-image-preview:large, max-video-preview:-1\" \/>\n<link rel=\"canonical\" href=\"https:\/\/cordofonesprimor.com\/en\/servicos\/\" \/>\n<meta property=\"og:locale\" content=\"en_US\" \/>\n<meta property=\"og:type\" content=\"article\" \/>\n<meta property=\"og:title\" content=\"Servi\u00e7os - CORDOFONES PRIMOR - Marca Nacional (INPI) N.&ordm; 625893\" \/>\n<meta property=\"og:description\" content=\"Os nossos servi\u00e7os: Constru\u00e7\u00e3o, Manuten\u00e7\u00e3o e Repara\u00e7\u00e3o de Instrumentos Musicais.\" \/>\n<meta property=\"og:url\" content=\"https:\/\/cordofonesprimor.com\/en\/servicos\/\" \/>\n<meta property=\"og:site_name\" content=\"CORDOFONES PRIMOR - Marca Nacional (INPI) N.&ordm; 625893\" \/>\n<meta property=\"article:modified_time\" content=\"2026-03-02T19:42:28+00:00\" \/>\n<meta property=\"og:image\" content=\"https:\/\/cordofonesprimor.com\/wp-content\/uploads\/2021\/09\/Restauro-e-Artes-Decorativas-HALOFX-scaled.jpg\" \/>\n\t<meta property=\"og:image:width\" content=\"1920\" \/>\n\t<meta property=\"og:image:height\" content=\"2560\" \/>\n\t<meta property=\"og:image:type\" content=\"image\/jpeg\" \/>\n<meta name=\"twitter:card\" content=\"summary_large_image\" \/>\n<meta name=\"twitter:label1\" content=\"Est. reading time\" \/>\n\t<meta name=\"twitter:data1\" content=\"1 minute\" \/>\n<script type=\"application\/ld+json\" class=\"yoast-schema-graph\">{\"@context\":\"https:\/\/schema.org\",\"@graph\":[{\"@type\":\"WebPage\",\"@id\":\"https:\/\/cordofonesprimor.com\/servicos\/\",\"url\":\"https:\/\/cordofonesprimor.com\/servicos\/\",\"name\":\"Servi\u00e7os - CORDOFONES PRIMOR - Marca Nacional (INPI) N.&ordm; 625893\",\"isPartOf\":{\"@id\":\"https:\/\/cordofonesprimor.com\/#website\"},\"primaryImageOfPage\":{\"@id\":\"https:\/\/cordofonesprimor.com\/servicos\/#primaryimage\"},\"image\":{\"@id\":\"https:\/\/cordofonesprimor.com\/servicos\/#primaryimage\"},\"thumbnailUrl\":\"https:\/\/cordofonesprimor.com\/wp-content\/uploads\/2021\/09\/Restauro-e-Artes-Decorativas-HALOFX-225x300.jpg\",\"datePublished\":\"2021-08-12T09:37:40+00:00\",\"dateModified\":\"2026-03-02T19:42:28+00:00\",\"description\":\"Os nossos servi\u00e7os: Constru\u00e7\u00e3o, Manuten\u00e7\u00e3o e Repara\u00e7\u00e3o de Instrumentos Musicais.\",\"breadcrumb\":{\"@id\":\"https:\/\/cordofonesprimor.com\/servicos\/#breadcrumb\"},\"inLanguage\":\"en-US\",\"potentialAction\":[{\"@type\":\"ReadAction\",\"target\":[\"https:\/\/cordofonesprimor.com\/servicos\/\"]}]},{\"@type\":\"ImageObject\",\"inLanguage\":\"en-US\",\"@id\":\"https:\/\/cordofonesprimor.com\/servicos\/#primaryimage\",\"url\":\"https:\/\/cordofonesprimor.com\/wp-content\/uploads\/2021\/09\/Restauro-e-Artes-Decorativas-HALOFX-225x300.jpg\",\"contentUrl\":\"https:\/\/cordofonesprimor.com\/wp-content\/uploads\/2021\/09\/Restauro-e-Artes-Decorativas-HALOFX-225x300.jpg\"},{\"@type\":\"BreadcrumbList\",\"@id\":\"https:\/\/cordofonesprimor.com\/servicos\/#breadcrumb\",\"itemListElement\":[{\"@type\":\"ListItem\",\"position\":1,\"name\":\"In\u00edcio\",\"item\":\"https:\/\/cordofonesprimor.com\/\"},{\"@type\":\"ListItem\",\"position\":2,\"name\":\"Servi\u00e7os\"}]},{\"@type\":\"WebSite\",\"@id\":\"https:\/\/cordofonesprimor.com\/#website\",\"url\":\"https:\/\/cordofonesprimor.com\/\",\"name\":\"CORDOFONES PRIMOR - Marca Nacional (INPI) N.&ordm; 625893\",\"description\":\"Constru&ccedil;&atilde;o, Restauro e Manuten&ccedil;&atilde;o de Instrumentos Musicais\",\"publisher\":{\"@id\":\"https:\/\/cordofonesprimor.com\/#organization\"},\"potentialAction\":[{\"@type\":\"SearchAction\",\"target\":{\"@type\":\"EntryPoint\",\"urlTemplate\":\"https:\/\/cordofonesprimor.com\/?s={search_term_string}\"},\"query-input\":{\"@type\":\"PropertyValueSpecification\",\"valueRequired\":true,\"valueName\":\"search_term_string\"}}],\"inLanguage\":\"en-US\"},{\"@type\":\"Organization\",\"@id\":\"https:\/\/cordofonesprimor.com\/#organization\",\"name\":\"Cordofones Primor\",\"url\":\"https:\/\/cordofonesprimor.com\/\",\"logo\":{\"@type\":\"ImageObject\",\"inLanguage\":\"en-US\",\"@id\":\"https:\/\/cordofonesprimor.com\/#\/schema\/logo\/image\/\",\"url\":\"https:\/\/cordofonesprimor.com\/wp-content\/uploads\/2021\/05\/cropped-logo-Cordofones-primo-A3-1.png\",\"contentUrl\":\"https:\/\/cordofonesprimor.com\/wp-content\/uploads\/2021\/05\/cropped-logo-Cordofones-primo-A3-1.png\",\"width\":1020,\"height\":1024,\"caption\":\"Cordofones Primor\"},\"image\":{\"@id\":\"https:\/\/cordofonesprimor.com\/#\/schema\/logo\/image\/\"}}]}<\/script>\n<!-- \/ Yoast SEO plugin. -->","yoast_head_json":{"title":"Servi\u00e7os - CORDOFONES PRIMOR - Marca Nacional (INPI) N.&ordm; 625893","description":"Os nossos servi\u00e7os: Constru\u00e7\u00e3o, Manuten\u00e7\u00e3o e Repara\u00e7\u00e3o de Instrumentos Musicais.","robots":{"index":"index","follow":"follow","max-snippet":"max-snippet:-1","max-image-preview":"max-image-preview:large","max-video-preview":"max-video-preview:-1"},"canonical":"https:\/\/cordofonesprimor.com\/en\/servicos\/","og_locale":"en_US","og_type":"article","og_title":"Servi\u00e7os - CORDOFONES PRIMOR - Marca Nacional (INPI) N.&ordm; 625893","og_description":"Os nossos servi\u00e7os: Constru\u00e7\u00e3o, Manuten\u00e7\u00e3o e Repara\u00e7\u00e3o de Instrumentos Musicais.","og_url":"https:\/\/cordofonesprimor.com\/en\/servicos\/","og_site_name":"CORDOFONES PRIMOR - Marca Nacional (INPI) N.&ordm; 625893","article_modified_time":"2026-03-02T19:42:28+00:00","og_image":[{"width":1920,"height":2560,"url":"https:\/\/cordofonesprimor.com\/wp-content\/uploads\/2021\/09\/Restauro-e-Artes-Decorativas-HALOFX-scaled.jpg","type":"image\/jpeg"}],"twitter_card":"summary_large_image","twitter_misc":{"Est. reading time":"1 minute"},"schema":{"@context":"https:\/\/schema.org","@graph":[{"@type":"WebPage","@id":"https:\/\/cordofonesprimor.com\/servicos\/","url":"https:\/\/cordofonesprimor.com\/servicos\/","name":"Servi\u00e7os - CORDOFONES PRIMOR - Marca Nacional (INPI) N.&ordm; 625893","isPartOf":{"@id":"https:\/\/cordofonesprimor.com\/#website"},"primaryImageOfPage":{"@id":"https:\/\/cordofonesprimor.com\/servicos\/#primaryimage"},"image":{"@id":"https:\/\/cordofonesprimor.com\/servicos\/#primaryimage"},"thumbnailUrl":"https:\/\/cordofonesprimor.com\/wp-content\/uploads\/2021\/09\/Restauro-e-Artes-Decorativas-HALOFX-225x300.jpg","datePublished":"2021-08-12T09:37:40+00:00","dateModified":"2026-03-02T19:42:28+00:00","description":"Os nossos servi\u00e7os: Constru\u00e7\u00e3o, Manuten\u00e7\u00e3o e Repara\u00e7\u00e3o de Instrumentos Musicais.","breadcrumb":{"@id":"https:\/\/cordofonesprimor.com\/servicos\/#breadcrumb"},"inLanguage":"en-US","potentialAction":[{"@type":"ReadAction","target":["https:\/\/cordofonesprimor.com\/servicos\/"]}]},{"@type":"ImageObject","inLanguage":"en-US","@id":"https:\/\/cordofonesprimor.com\/servicos\/#primaryimage","url":"https:\/\/cordofonesprimor.com\/wp-content\/uploads\/2021\/09\/Restauro-e-Artes-Decorativas-HALOFX-225x300.jpg","contentUrl":"https:\/\/cordofonesprimor.com\/wp-content\/uploads\/2021\/09\/Restauro-e-Artes-Decorativas-HALOFX-225x300.jpg"},{"@type":"BreadcrumbList","@id":"https:\/\/cordofonesprimor.com\/servicos\/#breadcrumb","itemListElement":[{"@type":"ListItem","position":1,"name":"In\u00edcio","item":"https:\/\/cordofonesprimor.com\/"},{"@type":"ListItem","position":2,"name":"Servi\u00e7os"}]},{"@type":"WebSite","@id":"https:\/\/cordofonesprimor.com\/#website","url":"https:\/\/cordofonesprimor.com\/","name":"CORDOFONES PRIMOR - Marca Nacional (INPI) N.&ordm; 625893","description":"Constru&ccedil;&atilde;o, Restauro e Manuten&ccedil;&atilde;o de Instrumentos Musicais","publisher":{"@id":"https:\/\/cordofonesprimor.com\/#organization"},"potentialAction":[{"@type":"SearchAction","target":{"@type":"EntryPoint","urlTemplate":"https:\/\/cordofonesprimor.com\/?s={search_term_string}"},"query-input":{"@type":"PropertyValueSpecification","valueRequired":true,"valueName":"search_term_string"}}],"inLanguage":"en-US"},{"@type":"Organization","@id":"https:\/\/cordofonesprimor.com\/#organization","name":"Cordofones Primor","url":"https:\/\/cordofonesprimor.com\/","logo":{"@type":"ImageObject","inLanguage":"en-US","@id":"https:\/\/cordofonesprimor.com\/#\/schema\/logo\/image\/","url":"https:\/\/cordofonesprimor.com\/wp-content\/uploads\/2021\/05\/cropped-logo-Cordofones-primo-A3-1.png","contentUrl":"https:\/\/cordofonesprimor.com\/wp-content\/uploads\/2021\/05\/cropped-logo-Cordofones-primo-A3-1.png","width":1020,"height":1024,"caption":"Cordofones Primor"},"image":{"@id":"https:\/\/cordofonesprimor.com\/#\/schema\/logo\/image\/"}}]}},"_links":{"self":[{"href":"https:\/\/cordofonesprimor.com\/en\/wp-json\/wp\/v2\/pages\/2011","targetHints":{"allow":["GET"]}}],"collection":[{"href":"https:\/\/cordofonesprimor.com\/en\/wp-json\/wp\/v2\/pages"}],"about":[{"href":"https:\/\/cordofonesprimor.com\/en\/wp-json\/wp\/v2\/types\/page"}],"author":[{"embeddable":true,"href":"https:\/\/cordofonesprimor.com\/en\/wp-json\/wp\/v2\/users\/1"}],"replies":[{"embeddable":true,"href":"https:\/\/cordofonesprimor.com\/en\/wp-json\/wp\/v2\/comments?post=2011"}],"version-history":[{"count":0,"href":"https:\/\/cordofonesprimor.com\/en\/wp-json\/wp\/v2\/pages\/2011\/revisions"}],"wp:attachment":[{"href":"https:\/\/cordofonesprimor.com\/en\/wp-json\/wp\/v2\/media?parent=2011"}],"curies":[{"name":"wp","href":"https:\/\/api.w.org\/{rel}","templated":true}]}}