{"id":2167,"date":"2021-09-29T11:28:29","date_gmt":"2021-09-29T10:28:29","guid":{"rendered":"https:\/\/cordofonesprimor.com\/?page_id=2167"},"modified":"2024-02-12T19:19:58","modified_gmt":"2024-02-12T19:19:58","slug":"braguinhas-eletricos","status":"publish","type":"page","link":"https:\/\/cordofonesprimor.com\/en\/produtos\/braguinhas-eletricos\/","title":{"rendered":"Electric Braguinhas"},"content":{"rendered":"<div data-elementor-type=\"wp-page\" data-elementor-id=\"2167\" class=\"elementor elementor-2167\">\n\t\t\t\t\t\t<section class=\"elementor-section elementor-top-section elementor-element elementor-element-6e19c42 elementor-section-boxed elementor-section-height-default elementor-section-height-default\" data-id=\"6e19c42\" data-element_type=\"section\" data-e-type=\"section\" id=\"produtos\">\n\t\t\t\t\t\t<div class=\"elementor-container elementor-column-gap-no\">\n\t\t\t\t\t<div class=\"elementor-column elementor-col-100 elementor-top-column elementor-element elementor-element-5abb022\" data-id=\"5abb022\" data-element_type=\"column\" data-e-type=\"column\">\n\t\t\t<div class=\"elementor-widget-wrap elementor-element-populated\">\n\t\t\t\t\t\t<div class=\"elementor-element elementor-element-17a7be2 elementor-widget elementor-widget-heading\" data-id=\"17a7be2\" data-element_type=\"widget\" data-e-type=\"widget\" data-widget_type=\"heading.default\">\n\t\t\t\t<div class=\"elementor-widget-container\">\n\t\t\t\t\t<h6 class=\"elementor-heading-title elementor-size-default\">DISCOVER OUR PRODUCTS<\/h6>\t\t\t\t<\/div>\n\t\t\t\t<\/div>\n\t\t\t\t<div class=\"elementor-element elementor-element-cfc8b90 elementor-widget elementor-widget-heading\" data-id=\"cfc8b90\" data-element_type=\"widget\" data-e-type=\"widget\" data-widget_type=\"heading.default\">\n\t\t\t\t<div class=\"elementor-widget-container\">\n\t\t\t\t\t<h2 class=\"elementor-heading-title elementor-size-default\">BRAGUINHAS EL\u00c9TRICOS<\/h2>\t\t\t\t<\/div>\n\t\t\t\t<\/div>\n\t\t\t\t\t<\/div>\n\t\t<\/div>\n\t\t\t\t\t<\/div>\n\t\t<\/section>\n\t\t\t\t<section class=\"elementor-section elementor-top-section elementor-element elementor-element-3c51dc7 elementor-section-boxed elementor-section-height-default elementor-section-height-default\" data-id=\"3c51dc7\" data-element_type=\"section\" data-e-type=\"section\" id=\"Braguinhas\" data-settings=\"{&quot;background_background&quot;:&quot;classic&quot;}\">\n\t\t\t\t\t\t<div class=\"elementor-container elementor-column-gap-no\">\n\t\t\t\t\t<div class=\"elementor-column elementor-col-100 elementor-top-column elementor-element elementor-element-9d6fda8\" data-id=\"9d6fda8\" data-element_type=\"column\" data-e-type=\"column\">\n\t\t\t<div class=\"elementor-widget-wrap elementor-element-populated\">\n\t\t\t\t\t\t<section class=\"elementor-section elementor-inner-section elementor-element elementor-element-41732b5 elementor-section-boxed elementor-section-height-default elementor-section-height-default\" data-id=\"41732b5\" data-element_type=\"section\" data-e-type=\"section\">\n\t\t\t\t\t\t<div class=\"elementor-container elementor-column-gap-no\">\n\t\t\t\t\t<div class=\"elementor-column elementor-col-50 elementor-inner-column elementor-element elementor-element-1350aca\" data-id=\"1350aca\" data-element_type=\"column\" data-e-type=\"column\">\n\t\t\t<div class=\"elementor-widget-wrap elementor-element-populated\">\n\t\t\t\t\t\t<div class=\"elementor-element elementor-element-518e468 elementor-widget elementor-widget-heading\" data-id=\"518e468\" data-element_type=\"widget\" data-e-type=\"widget\" data-widget_type=\"heading.default\">\n\t\t\t\t<div class=\"elementor-widget-container\">\n\t\t\t\t\t<h4 class=\"elementor-heading-title elementor-size-default\">EMPERIUM<\/h4>\t\t\t\t<\/div>\n\t\t\t\t<\/div>\n\t\t\t\t<div class=\"elementor-element elementor-element-0a8f2c8 elementor-widget elementor-widget-image-gallery\" data-id=\"0a8f2c8\" data-element_type=\"widget\" data-e-type=\"widget\" data-widget_type=\"image-gallery.default\">\n\t\t\t\t<div class=\"elementor-widget-container\">\n\t\t\t\t\t\t\t<div class=\"elementor-image-gallery\">\n\t\t\t<div id='gallery-1' class='gallery galleryid-2167 gallery-columns-2 gallery-size-medium'><figure class='gallery-item'>\n\t\t\t<div class='gallery-icon portrait'>\n\t\t\t\t<a data-elementor-open-lightbox=\"yes\" data-elementor-lightbox-slideshow=\"0a8f2c8\" data-elementor-lightbox-title=\"Braguinha El\u00e9trico Preto\" data-e-action-hash=\"#elementor-action%3Aaction%3Dlightbox%26settings%3DeyJpZCI6MjE4NywidXJsIjoiaHR0cHM6XC9cL2NvcmRvZm9uZXNwcmltb3IuY29tXC93cC1jb250ZW50XC91cGxvYWRzXC8yMDIxXC8wOVwvQnJhZ3VpbmhhLUVsZXRyaWNvLVByZXRvLXNjYWxlZC5qcGciLCJzbGlkZXNob3ciOiIwYThmMmM4In0%3D\" href='https:\/\/cordofonesprimor.com\/wp-content\/uploads\/2021\/09\/Braguinha-Eletrico-Preto-scaled.jpg'><img fetchpriority=\"high\" decoding=\"async\" width=\"212\" height=\"300\" src=\"https:\/\/cordofonesprimor.com\/wp-content\/uploads\/2021\/09\/Braguinha-Eletrico-Preto-212x300.jpg\" class=\"attachment-medium size-medium\" alt=\"Cordofones Tradicionais Madeirenses - CORDOFONES PRIMOR - Marca Nacional (INPI) N.\u00ba 625893\" srcset=\"https:\/\/cordofonesprimor.com\/wp-content\/uploads\/2021\/09\/Braguinha-Eletrico-Preto-212x300.jpg 212w, https:\/\/cordofonesprimor.com\/wp-content\/uploads\/2021\/09\/Braguinha-Eletrico-Preto-scaled.jpg 1810w\" sizes=\"(max-width: 212px) 100vw, 212px\" \/><\/a>\n\t\t\t<\/div><\/figure><figure class='gallery-item'>\n\t\t\t<div class='gallery-icon portrait'>\n\t\t\t\t<a data-elementor-open-lightbox=\"yes\" data-elementor-lightbox-slideshow=\"0a8f2c8\" data-elementor-lightbox-title=\"Braguinha El\u00e9trico\" data-e-action-hash=\"#elementor-action%3Aaction%3Dlightbox%26settings%3DeyJpZCI6MjE4OCwidXJsIjoiaHR0cHM6XC9cL2NvcmRvZm9uZXNwcmltb3IuY29tXC93cC1jb250ZW50XC91cGxvYWRzXC8yMDIxXC8wOVwvQnJhZ3VpbmhhLUVsZXRyaWNvLXNjYWxlZC5qcGciLCJzbGlkZXNob3ciOiIwYThmMmM4In0%3D\" href='https:\/\/cordofonesprimor.com\/wp-content\/uploads\/2021\/09\/Braguinha-Eletrico-scaled.jpg'><img decoding=\"async\" width=\"212\" height=\"300\" src=\"https:\/\/cordofonesprimor.com\/wp-content\/uploads\/2021\/09\/Braguinha-Eletrico-212x300.jpg\" class=\"attachment-medium size-medium\" alt=\"Cordofones Tradicionais Madeirenses - CORDOFONES PRIMOR - Marca Nacional (INPI) N.\u00ba 625893\" srcset=\"https:\/\/cordofonesprimor.com\/wp-content\/uploads\/2021\/09\/Braguinha-Eletrico-212x300.jpg 212w, https:\/\/cordofonesprimor.com\/wp-content\/uploads\/2021\/09\/Braguinha-Eletrico-scaled.jpg 1810w\" sizes=\"(max-width: 212px) 100vw, 212px\" \/><\/a>\n\t\t\t<\/div><\/figure>\n\t\t<\/div>\n\t\t<\/div>\n\t\t\t\t\t\t<\/div>\n\t\t\t\t<\/div>\n\t\t\t\t<div class=\"elementor-element elementor-element-19acf6d elementor-widget elementor-widget-heading\" data-id=\"19acf6d\" data-element_type=\"widget\" data-e-type=\"widget\" data-widget_type=\"heading.default\">\n\t\t\t\t<div class=\"elementor-widget-container\">\n\t\t\t\t\t<h5 class=\"elementor-heading-title elementor-size-default\">APENAS POR ENCOMENDA<\/h5>\t\t\t\t<\/div>\n\t\t\t\t<\/div>\n\t\t\t\t<div class=\"elementor-element elementor-element-d148e24 elementor-widget elementor-widget-toggle\" data-id=\"d148e24\" data-element_type=\"widget\" data-e-type=\"widget\" data-widget_type=\"toggle.default\">\n\t\t\t\t<div class=\"elementor-widget-container\">\n\t\t\t\t\t\t\t<div class=\"elementor-toggle\">\n\t\t\t\t\t\t\t<div class=\"elementor-toggle-item\">\n\t\t\t\t\t<div id=\"elementor-tab-title-2191\" class=\"elementor-tab-title\" data-tab=\"1\" role=\"button\" aria-controls=\"elementor-tab-content-2191\" aria-expanded=\"false\">\n\t\t\t\t\t\t\t\t\t\t\t\t<span class=\"elementor-toggle-icon elementor-toggle-icon-left\" aria-hidden=\"true\">\n\t\t\t\t\t\t\t\t\t\t\t\t\t\t\t<span class=\"elementor-toggle-icon-closed\"><i class=\"fas fa-caret-right\"><\/i><\/span>\n\t\t\t\t\t\t\t\t<span class=\"elementor-toggle-icon-opened\"><i class=\"elementor-toggle-icon-opened fas fa-caret-down\"><\/i><\/span>\n\t\t\t\t\t\t\t\t\t\t\t\t\t<\/span>\n\t\t\t\t\t\t\t\t\t\t\t\t<a class=\"elementor-toggle-title\" tabindex=\"0\">SPECIFICATIONS<\/a>\n\t\t\t\t\t<\/div>\n\n\t\t\t\t\t<div id=\"elementor-tab-content-2191\" class=\"elementor-tab-content elementor-clearfix\" data-tab=\"1\" role=\"region\" aria-labelledby=\"elementor-tab-title-2191\"><ul><li>*<\/li><\/ul><\/div>\n\t\t\t\t<\/div>\n\t\t\t\t\t\t\t\t<\/div>\n\t\t\t\t\t\t<\/div>\n\t\t\t\t<\/div>\n\t\t\t\t\t<\/div>\n\t\t<\/div>\n\t\t\t\t<div class=\"elementor-column elementor-col-50 elementor-inner-column elementor-element elementor-element-c92ca18\" data-id=\"c92ca18\" data-element_type=\"column\" data-e-type=\"column\">\n\t\t\t<div class=\"elementor-widget-wrap elementor-element-populated\">\n\t\t\t\t\t\t<div class=\"elementor-element elementor-element-5f5aeae elementor-widget elementor-widget-heading\" data-id=\"5f5aeae\" data-element_type=\"widget\" data-e-type=\"widget\" data-widget_type=\"heading.default\">\n\t\t\t\t<div class=\"elementor-widget-container\">\n\t\t\t\t\t<h4 class=\"elementor-heading-title elementor-size-default\">El\u00e9trico Primordial<\/h4>\t\t\t\t<\/div>\n\t\t\t\t<\/div>\n\t\t\t\t<div class=\"elementor-element elementor-element-c8d17cb elementor-widget elementor-widget-image-gallery\" data-id=\"c8d17cb\" data-element_type=\"widget\" data-e-type=\"widget\" data-widget_type=\"image-gallery.default\">\n\t\t\t\t<div class=\"elementor-widget-container\">\n\t\t\t\t\t\t\t<div class=\"elementor-image-gallery\">\n\t\t\t<div id='gallery-2' class='gallery galleryid-2167 gallery-columns-1 gallery-size-medium'><figure class='gallery-item'>\n\t\t\t<div class='gallery-icon portrait'>\n\t\t\t\t<a data-elementor-open-lightbox=\"yes\" data-elementor-lightbox-slideshow=\"c8d17cb\" data-elementor-lightbox-title=\"Braguinha El\u00e9trico Primordial\" data-e-action-hash=\"#elementor-action%3Aaction%3Dlightbox%26settings%3DeyJpZCI6MjE5MCwidXJsIjoiaHR0cHM6XC9cL2NvcmRvZm9uZXNwcmltb3IuY29tXC93cC1jb250ZW50XC91cGxvYWRzXC8yMDIxXC8wOVwvQnJhZ3VpbmhhLUVsZXRyaWNvLVByaW1vcmRpYWwtc2NhbGVkLmpwZyIsInNsaWRlc2hvdyI6ImM4ZDE3Y2IifQ%3D%3D\" href='https:\/\/cordofonesprimor.com\/wp-content\/uploads\/2021\/09\/Braguinha-Eletrico-Primordial-scaled.jpg'><img decoding=\"async\" width=\"212\" height=\"300\" src=\"https:\/\/cordofonesprimor.com\/wp-content\/uploads\/2021\/09\/Braguinha-Eletrico-Primordial-212x300.jpg\" class=\"attachment-medium size-medium\" alt=\"CORDOFONES PRIMOR - Marca Nacional (INPI) N.\u00ba 625893\" srcset=\"https:\/\/cordofonesprimor.com\/wp-content\/uploads\/2021\/09\/Braguinha-Eletrico-Primordial-212x300.jpg 212w, https:\/\/cordofonesprimor.com\/wp-content\/uploads\/2021\/09\/Braguinha-Eletrico-Primordial-scaled.jpg 1810w\" sizes=\"(max-width: 212px) 100vw, 212px\" \/><\/a>\n\t\t\t<\/div><\/figure>\n\t\t<\/div>\n\t\t<\/div>\n\t\t\t\t\t\t<\/div>\n\t\t\t\t<\/div>\n\t\t\t\t<div class=\"elementor-element elementor-element-7ff365d elementor-widget elementor-widget-heading\" data-id=\"7ff365d\" data-element_type=\"widget\" data-e-type=\"widget\" data-widget_type=\"heading.default\">\n\t\t\t\t<div class=\"elementor-widget-container\">\n\t\t\t\t\t<h5 class=\"elementor-heading-title elementor-size-default\">APENAS POR ENCOMENDA<\/h5>\t\t\t\t<\/div>\n\t\t\t\t<\/div>\n\t\t\t\t<div class=\"elementor-element elementor-element-b265d20 elementor-widget elementor-widget-toggle\" data-id=\"b265d20\" data-element_type=\"widget\" data-e-type=\"widget\" data-widget_type=\"toggle.default\">\n\t\t\t\t<div class=\"elementor-widget-container\">\n\t\t\t\t\t\t\t<div class=\"elementor-toggle\">\n\t\t\t\t\t\t\t<div class=\"elementor-toggle-item\">\n\t\t\t\t\t<div id=\"elementor-tab-title-1871\" class=\"elementor-tab-title\" data-tab=\"1\" role=\"button\" aria-controls=\"elementor-tab-content-1871\" aria-expanded=\"false\">\n\t\t\t\t\t\t\t\t\t\t\t\t<span class=\"elementor-toggle-icon elementor-toggle-icon-left\" aria-hidden=\"true\">\n\t\t\t\t\t\t\t\t\t\t\t\t\t\t\t<span class=\"elementor-toggle-icon-closed\"><i class=\"fas fa-caret-right\"><\/i><\/span>\n\t\t\t\t\t\t\t\t<span class=\"elementor-toggle-icon-opened\"><i class=\"elementor-toggle-icon-opened fas fa-caret-down\"><\/i><\/span>\n\t\t\t\t\t\t\t\t\t\t\t\t\t<\/span>\n\t\t\t\t\t\t\t\t\t\t\t\t<a class=\"elementor-toggle-title\" tabindex=\"0\">SPECIFICATIONS<\/a>\n\t\t\t\t\t<\/div>\n\n\t\t\t\t\t<div id=\"elementor-tab-content-1871\" class=\"elementor-tab-content elementor-clearfix\" data-tab=\"1\" role=\"region\" aria-labelledby=\"elementor-tab-title-1871\"><ul><li>*<\/li><\/ul><\/div>\n\t\t\t\t<\/div>\n\t\t\t\t\t\t\t\t<\/div>\n\t\t\t\t\t\t<\/div>\n\t\t\t\t<\/div>\n\t\t\t\t\t<\/div>\n\t\t<\/div>\n\t\t\t\t\t<\/div>\n\t\t<\/section>\n\t\t\t\t<div class=\"elementor-element elementor-element-4387943 elementor-align-center elementor-widget elementor-widget-button\" data-id=\"4387943\" data-element_type=\"widget\" data-e-type=\"widget\" data-widget_type=\"button.default\">\n\t\t\t\t<div class=\"elementor-widget-container\">\n\t\t\t\t\t\t\t\t\t<div class=\"elementor-button-wrapper\">\n\t\t\t\t\t<a class=\"elementor-button elementor-button-link elementor-size-sm\" href=\"https:\/\/cordofonesprimor.com\/en\/produtos\/\">\n\t\t\t\t\t\t<span class=\"elementor-button-content-wrapper\">\n\t\t\t\t\t\t<span class=\"elementor-button-icon\">\n\t\t\t\t<i aria-hidden=\"true\" class=\"fas fa-long-arrow-alt-left\"><\/i>\t\t\t<\/span>\n\t\t\t\t\t\t\t\t\t<span class=\"elementor-button-text\">BACK<\/span>\n\t\t\t\t\t<\/span>\n\t\t\t\t\t<\/a>\n\t\t\t\t<\/div>\n\t\t\t\t\t\t\t\t<\/div>\n\t\t\t\t<\/div>\n\t\t\t\t\t<\/div>\n\t\t<\/div>\n\t\t\t\t\t<\/div>\n\t\t<\/section>\n\t\t\t\t<\/div>","protected":false},"excerpt":{"rendered":"<p>descubra os nossos produtos BRAGUINHAS EL\u00c9TRICOS EMPERIUM APENAS POR ENCOMENDA ESPECIFICA\u00c7\u00d5ES * El\u00e9trico Primordial APENAS POR ENCOMENDA ESPECIFICA\u00c7\u00d5ES * VOLTAR<\/p>","protected":false},"author":1,"featured_media":0,"parent":338,"menu_order":1,"comment_status":"closed","ping_status":"closed","template":"","meta":{"footnotes":"","_wp_rev_ctl_limit":""},"class_list":["post-2167","page","type-page","status-publish","hentry"],"yoast_head":"<!-- This site is optimized with the Yoast SEO plugin v27.1.1 - https:\/\/yoast.com\/product\/yoast-seo-wordpress\/ -->\n<title>Braguinhas El\u00e9tricos - CORDOFONES PRIMOR - Marca Nacional (INPI) N.&ordm; 625893<\/title>\n<meta name=\"description\" content=\"Os nossos Braguinhas El\u00e9tricos.\" \/>\n<meta name=\"robots\" content=\"index, follow, max-snippet:-1, max-image-preview:large, max-video-preview:-1\" \/>\n<link rel=\"canonical\" href=\"https:\/\/cordofonesprimor.com\/en\/produtos\/braguinhas-eletricos\/\" \/>\n<meta property=\"og:locale\" content=\"en_US\" \/>\n<meta property=\"og:type\" content=\"article\" \/>\n<meta property=\"og:title\" content=\"Braguinhas El\u00e9tricos - CORDOFONES PRIMOR - Marca Nacional (INPI) N.&ordm; 625893\" \/>\n<meta property=\"og:description\" content=\"Os nossos Braguinhas El\u00e9tricos.\" \/>\n<meta property=\"og:url\" content=\"https:\/\/cordofonesprimor.com\/en\/produtos\/braguinhas-eletricos\/\" \/>\n<meta property=\"og:site_name\" content=\"CORDOFONES PRIMOR - Marca Nacional (INPI) N.&ordm; 625893\" \/>\n<meta property=\"article:modified_time\" content=\"2024-02-12T19:19:58+00:00\" \/>\n<meta property=\"og:image\" content=\"https:\/\/cordofonesprimor.com\/wp-content\/uploads\/2021\/09\/Braguinha-Eletrico-Preto-212x300.jpg\" \/>\n<meta name=\"twitter:card\" content=\"summary_large_image\" \/>\n<meta name=\"twitter:label1\" content=\"Est. reading time\" \/>\n\t<meta name=\"twitter:data1\" content=\"1 minute\" \/>\n<script type=\"application\/ld+json\" class=\"yoast-schema-graph\">{\"@context\":\"https:\/\/schema.org\",\"@graph\":[{\"@type\":\"WebPage\",\"@id\":\"https:\/\/cordofonesprimor.com\/produtos\/braguinhas-eletricos\/\",\"url\":\"https:\/\/cordofonesprimor.com\/produtos\/braguinhas-eletricos\/\",\"name\":\"Braguinhas El\u00e9tricos - CORDOFONES PRIMOR - Marca Nacional (INPI) N.&ordm; 625893\",\"isPartOf\":{\"@id\":\"https:\/\/cordofonesprimor.com\/#website\"},\"primaryImageOfPage\":{\"@id\":\"https:\/\/cordofonesprimor.com\/produtos\/braguinhas-eletricos\/#primaryimage\"},\"image\":{\"@id\":\"https:\/\/cordofonesprimor.com\/produtos\/braguinhas-eletricos\/#primaryimage\"},\"thumbnailUrl\":\"https:\/\/cordofonesprimor.com\/wp-content\/uploads\/2021\/09\/Braguinha-Eletrico-Preto-212x300.jpg\",\"datePublished\":\"2021-09-29T10:28:29+00:00\",\"dateModified\":\"2024-02-12T19:19:58+00:00\",\"description\":\"Os nossos Braguinhas El\u00e9tricos.\",\"breadcrumb\":{\"@id\":\"https:\/\/cordofonesprimor.com\/produtos\/braguinhas-eletricos\/#breadcrumb\"},\"inLanguage\":\"en-US\",\"potentialAction\":[{\"@type\":\"ReadAction\",\"target\":[\"https:\/\/cordofonesprimor.com\/produtos\/braguinhas-eletricos\/\"]}]},{\"@type\":\"ImageObject\",\"inLanguage\":\"en-US\",\"@id\":\"https:\/\/cordofonesprimor.com\/produtos\/braguinhas-eletricos\/#primaryimage\",\"url\":\"https:\/\/cordofonesprimor.com\/wp-content\/uploads\/2021\/09\/Braguinha-Eletrico-Preto-212x300.jpg\",\"contentUrl\":\"https:\/\/cordofonesprimor.com\/wp-content\/uploads\/2021\/09\/Braguinha-Eletrico-Preto-212x300.jpg\"},{\"@type\":\"BreadcrumbList\",\"@id\":\"https:\/\/cordofonesprimor.com\/produtos\/braguinhas-eletricos\/#breadcrumb\",\"itemListElement\":[{\"@type\":\"ListItem\",\"position\":1,\"name\":\"In\u00edcio\",\"item\":\"https:\/\/cordofonesprimor.com\/\"},{\"@type\":\"ListItem\",\"position\":2,\"name\":\"Produtos\",\"item\":\"https:\/\/cordofonesprimor.com\/produtos\/\"},{\"@type\":\"ListItem\",\"position\":3,\"name\":\"Braguinhas El\u00e9tricos\"}]},{\"@type\":\"WebSite\",\"@id\":\"https:\/\/cordofonesprimor.com\/#website\",\"url\":\"https:\/\/cordofonesprimor.com\/\",\"name\":\"CORDOFONES PRIMOR - Marca Nacional (INPI) N.&ordm; 625893\",\"description\":\"Constru&ccedil;&atilde;o, Restauro e Manuten&ccedil;&atilde;o de Instrumentos Musicais\",\"publisher\":{\"@id\":\"https:\/\/cordofonesprimor.com\/#organization\"},\"potentialAction\":[{\"@type\":\"SearchAction\",\"target\":{\"@type\":\"EntryPoint\",\"urlTemplate\":\"https:\/\/cordofonesprimor.com\/?s={search_term_string}\"},\"query-input\":{\"@type\":\"PropertyValueSpecification\",\"valueRequired\":true,\"valueName\":\"search_term_string\"}}],\"inLanguage\":\"en-US\"},{\"@type\":\"Organization\",\"@id\":\"https:\/\/cordofonesprimor.com\/#organization\",\"name\":\"Cordofones Primor\",\"url\":\"https:\/\/cordofonesprimor.com\/\",\"logo\":{\"@type\":\"ImageObject\",\"inLanguage\":\"en-US\",\"@id\":\"https:\/\/cordofonesprimor.com\/#\/schema\/logo\/image\/\",\"url\":\"https:\/\/cordofonesprimor.com\/wp-content\/uploads\/2021\/05\/cropped-logo-Cordofones-primo-A3-1.png\",\"contentUrl\":\"https:\/\/cordofonesprimor.com\/wp-content\/uploads\/2021\/05\/cropped-logo-Cordofones-primo-A3-1.png\",\"width\":1020,\"height\":1024,\"caption\":\"Cordofones Primor\"},\"image\":{\"@id\":\"https:\/\/cordofonesprimor.com\/#\/schema\/logo\/image\/\"}}]}<\/script>\n<!-- \/ Yoast SEO plugin. -->","yoast_head_json":{"title":"Braguinhas El\u00e9tricos - CORDOFONES PRIMOR - Marca Nacional (INPI) N.&ordm; 625893","description":"Os nossos Braguinhas El\u00e9tricos.","robots":{"index":"index","follow":"follow","max-snippet":"max-snippet:-1","max-image-preview":"max-image-preview:large","max-video-preview":"max-video-preview:-1"},"canonical":"https:\/\/cordofonesprimor.com\/en\/produtos\/braguinhas-eletricos\/","og_locale":"en_US","og_type":"article","og_title":"Braguinhas El\u00e9tricos - CORDOFONES PRIMOR - Marca Nacional (INPI) N.&ordm; 625893","og_description":"Os nossos Braguinhas El\u00e9tricos.","og_url":"https:\/\/cordofonesprimor.com\/en\/produtos\/braguinhas-eletricos\/","og_site_name":"CORDOFONES PRIMOR - Marca Nacional (INPI) N.&ordm; 625893","article_modified_time":"2024-02-12T19:19:58+00:00","og_image":[{"url":"https:\/\/cordofonesprimor.com\/wp-content\/uploads\/2021\/09\/Braguinha-Eletrico-Preto-212x300.jpg","type":"","width":"","height":""}],"twitter_card":"summary_large_image","twitter_misc":{"Est. reading time":"1 minute"},"schema":{"@context":"https:\/\/schema.org","@graph":[{"@type":"WebPage","@id":"https:\/\/cordofonesprimor.com\/produtos\/braguinhas-eletricos\/","url":"https:\/\/cordofonesprimor.com\/produtos\/braguinhas-eletricos\/","name":"Braguinhas El\u00e9tricos - CORDOFONES PRIMOR - Marca Nacional (INPI) N.&ordm; 625893","isPartOf":{"@id":"https:\/\/cordofonesprimor.com\/#website"},"primaryImageOfPage":{"@id":"https:\/\/cordofonesprimor.com\/produtos\/braguinhas-eletricos\/#primaryimage"},"image":{"@id":"https:\/\/cordofonesprimor.com\/produtos\/braguinhas-eletricos\/#primaryimage"},"thumbnailUrl":"https:\/\/cordofonesprimor.com\/wp-content\/uploads\/2021\/09\/Braguinha-Eletrico-Preto-212x300.jpg","datePublished":"2021-09-29T10:28:29+00:00","dateModified":"2024-02-12T19:19:58+00:00","description":"Os nossos Braguinhas El\u00e9tricos.","breadcrumb":{"@id":"https:\/\/cordofonesprimor.com\/produtos\/braguinhas-eletricos\/#breadcrumb"},"inLanguage":"en-US","potentialAction":[{"@type":"ReadAction","target":["https:\/\/cordofonesprimor.com\/produtos\/braguinhas-eletricos\/"]}]},{"@type":"ImageObject","inLanguage":"en-US","@id":"https:\/\/cordofonesprimor.com\/produtos\/braguinhas-eletricos\/#primaryimage","url":"https:\/\/cordofonesprimor.com\/wp-content\/uploads\/2021\/09\/Braguinha-Eletrico-Preto-212x300.jpg","contentUrl":"https:\/\/cordofonesprimor.com\/wp-content\/uploads\/2021\/09\/Braguinha-Eletrico-Preto-212x300.jpg"},{"@type":"BreadcrumbList","@id":"https:\/\/cordofonesprimor.com\/produtos\/braguinhas-eletricos\/#breadcrumb","itemListElement":[{"@type":"ListItem","position":1,"name":"In\u00edcio","item":"https:\/\/cordofonesprimor.com\/"},{"@type":"ListItem","position":2,"name":"Produtos","item":"https:\/\/cordofonesprimor.com\/produtos\/"},{"@type":"ListItem","position":3,"name":"Braguinhas El\u00e9tricos"}]},{"@type":"WebSite","@id":"https:\/\/cordofonesprimor.com\/#website","url":"https:\/\/cordofonesprimor.com\/","name":"CORDOFONES PRIMOR - Marca Nacional (INPI) N.&ordm; 625893","description":"Constru&ccedil;&atilde;o, Restauro e Manuten&ccedil;&atilde;o de Instrumentos Musicais","publisher":{"@id":"https:\/\/cordofonesprimor.com\/#organization"},"potentialAction":[{"@type":"SearchAction","target":{"@type":"EntryPoint","urlTemplate":"https:\/\/cordofonesprimor.com\/?s={search_term_string}"},"query-input":{"@type":"PropertyValueSpecification","valueRequired":true,"valueName":"search_term_string"}}],"inLanguage":"en-US"},{"@type":"Organization","@id":"https:\/\/cordofonesprimor.com\/#organization","name":"Cordofones Primor","url":"https:\/\/cordofonesprimor.com\/","logo":{"@type":"ImageObject","inLanguage":"en-US","@id":"https:\/\/cordofonesprimor.com\/#\/schema\/logo\/image\/","url":"https:\/\/cordofonesprimor.com\/wp-content\/uploads\/2021\/05\/cropped-logo-Cordofones-primo-A3-1.png","contentUrl":"https:\/\/cordofonesprimor.com\/wp-content\/uploads\/2021\/05\/cropped-logo-Cordofones-primo-A3-1.png","width":1020,"height":1024,"caption":"Cordofones Primor"},"image":{"@id":"https:\/\/cordofonesprimor.com\/#\/schema\/logo\/image\/"}}]}},"_links":{"self":[{"href":"https:\/\/cordofonesprimor.com\/en\/wp-json\/wp\/v2\/pages\/2167","targetHints":{"allow":["GET"]}}],"collection":[{"href":"https:\/\/cordofonesprimor.com\/en\/wp-json\/wp\/v2\/pages"}],"about":[{"href":"https:\/\/cordofonesprimor.com\/en\/wp-json\/wp\/v2\/types\/page"}],"author":[{"embeddable":true,"href":"https:\/\/cordofonesprimor.com\/en\/wp-json\/wp\/v2\/users\/1"}],"replies":[{"embeddable":true,"href":"https:\/\/cordofonesprimor.com\/en\/wp-json\/wp\/v2\/comments?post=2167"}],"version-history":[{"count":0,"href":"https:\/\/cordofonesprimor.com\/en\/wp-json\/wp\/v2\/pages\/2167\/revisions"}],"up":[{"embeddable":true,"href":"https:\/\/cordofonesprimor.com\/en\/wp-json\/wp\/v2\/pages\/338"}],"wp:attachment":[{"href":"https:\/\/cordofonesprimor.com\/en\/wp-json\/wp\/v2\/media?parent=2167"}],"curies":[{"name":"wp","href":"https:\/\/api.w.org\/{rel}","templated":true}]}}