{"id":2735,"date":"2024-02-12T19:03:22","date_gmt":"2024-02-12T19:03:22","guid":{"rendered":"https:\/\/cordofonesprimor.com\/?page_id=2735"},"modified":"2024-02-12T19:04:04","modified_gmt":"2024-02-12T19:04:04","slug":"objectivos","status":"publish","type":"page","link":"https:\/\/cordofonesprimor.com\/en\/objectivos\/","title":{"rendered":"Objectives"},"content":{"rendered":"<div data-elementor-type=\"wp-page\" data-elementor-id=\"2735\" class=\"elementor elementor-2735\">\n\t\t\t\t\t\t<section class=\"elementor-section elementor-top-section elementor-element elementor-element-384ae69 elementor-section-boxed elementor-section-height-default elementor-section-height-default\" data-id=\"384ae69\" data-element_type=\"section\" data-e-type=\"section\">\n\t\t\t\t\t\t<div class=\"elementor-container elementor-column-gap-default\">\n\t\t\t\t\t<div class=\"elementor-column elementor-col-100 elementor-top-column elementor-element elementor-element-3a71789\" data-id=\"3a71789\" data-element_type=\"column\" data-e-type=\"column\">\n\t\t\t<div class=\"elementor-widget-wrap elementor-element-populated\">\n\t\t\t\t\t\t<div class=\"elementor-element elementor-element-c5c1bd8 elementor-widget elementor-widget-heading\" data-id=\"c5c1bd8\" data-element_type=\"widget\" data-e-type=\"widget\" data-widget_type=\"heading.default\">\n\t\t\t\t<div class=\"elementor-widget-container\">\n\t\t\t\t\t<h6 class=\"elementor-heading-title elementor-size-default\">Production, Restoration and Maintenance of Musical Instruments<\/h6>\t\t\t\t<\/div>\n\t\t\t\t<\/div>\n\t\t\t\t<div class=\"elementor-element elementor-element-c8e7fc6 elementor-widget elementor-widget-heading\" data-id=\"c8e7fc6\" data-element_type=\"widget\" data-e-type=\"widget\" data-widget_type=\"heading.default\">\n\t\t\t\t<div class=\"elementor-widget-container\">\n\t\t\t\t\t<h2 class=\"elementor-heading-title elementor-size-default\">OUR OBJECTIVES<\/h2>\t\t\t\t<\/div>\n\t\t\t\t<\/div>\n\t\t\t\t<section class=\"elementor-section elementor-inner-section elementor-element elementor-element-61718cd elementor-section-content-middle elementor-section-boxed elementor-section-height-default elementor-section-height-default\" data-id=\"61718cd\" data-element_type=\"section\" data-e-type=\"section\">\n\t\t\t\t\t\t\t<div class=\"elementor-background-overlay\"><\/div>\n\t\t\t\t\t\t\t<div class=\"elementor-container elementor-column-gap-no\">\n\t\t\t\t\t<div class=\"elementor-column elementor-col-50 elementor-inner-column elementor-element elementor-element-78a941a\" data-id=\"78a941a\" data-element_type=\"column\" data-e-type=\"column\">\n\t\t\t<div class=\"elementor-widget-wrap elementor-element-populated\">\n\t\t\t\t\t\t<div class=\"elementor-element elementor-element-fb24a5c elementor-widget elementor-widget-text-editor\" data-id=\"fb24a5c\" data-element_type=\"widget\" data-e-type=\"widget\" data-widget_type=\"text-editor.default\">\n\t\t\t\t<div class=\"elementor-widget-container\">\n\t\t\t\t\t\t\t\t\t<p>Cordofones Primor intends to innovate the construction methods of Traditional Madeiran Cordophones, in order to reduce costs and allow access to them in a generalized way.<\/p><p>Representing the delicacy of work on the materials involved, necessary to ensure proper aesthetics and a pleasant sound.<\/p>\t\t\t\t\t\t\t\t<\/div>\n\t\t\t\t<\/div>\n\t\t\t\t<div class=\"elementor-element elementor-element-2689174 elementor-align-center elementor-widget elementor-widget-button\" data-id=\"2689174\" data-element_type=\"widget\" data-e-type=\"widget\" data-widget_type=\"button.default\">\n\t\t\t\t<div class=\"elementor-widget-container\">\n\t\t\t\t\t\t\t\t\t<div class=\"elementor-button-wrapper\">\n\t\t\t\t\t<a class=\"elementor-button elementor-button-link elementor-size-sm\" href=\"https:\/\/cordofonesprimor.com\/en\/historia\/\">\n\t\t\t\t\t\t<span class=\"elementor-button-content-wrapper\">\n\t\t\t\t\t\t<span class=\"elementor-button-icon\">\n\t\t\t\t<i aria-hidden=\"true\" class=\"fas fa-long-arrow-alt-right\"><\/i>\t\t\t<\/span>\n\t\t\t\t\t\t\t\t\t<span class=\"elementor-button-text\">READ MORE<\/span>\n\t\t\t\t\t<\/span>\n\t\t\t\t\t<\/a>\n\t\t\t\t<\/div>\n\t\t\t\t\t\t\t\t<\/div>\n\t\t\t\t<\/div>\n\t\t\t\t\t<\/div>\n\t\t<\/div>\n\t\t\t\t<div class=\"elementor-column elementor-col-50 elementor-inner-column elementor-element elementor-element-da907c0\" data-id=\"da907c0\" data-element_type=\"column\" data-e-type=\"column\">\n\t\t\t<div class=\"elementor-widget-wrap elementor-element-populated\">\n\t\t\t\t\t\t<div class=\"elementor-element elementor-element-0de957e elementor-widget elementor-widget-video\" data-id=\"0de957e\" data-element_type=\"widget\" data-e-type=\"widget\" data-settings=\"{&quot;youtube_url&quot;:&quot;https:\\\/\\\/youtu.be\\\/KSSEUfoC1WU&quot;,&quot;video_type&quot;:&quot;youtube&quot;,&quot;controls&quot;:&quot;yes&quot;}\" data-widget_type=\"video.default\">\n\t\t\t\t<div class=\"elementor-widget-container\">\n\t\t\t\t\t\t\t<div class=\"elementor-wrapper elementor-open-inline\">\n\t\t\t<div class=\"elementor-video\"><\/div>\t\t<\/div>\n\t\t\t\t\t\t<\/div>\n\t\t\t\t<\/div>\n\t\t\t\t\t<\/div>\n\t\t<\/div>\n\t\t\t\t\t<\/div>\n\t\t<\/section>\n\t\t\t\t\t<\/div>\n\t\t<\/div>\n\t\t\t\t\t<\/div>\n\t\t<\/section>\n\t\t\t\t<section class=\"elementor-section elementor-top-section elementor-element elementor-element-hsrzpip elementor-section-boxed elementor-section-height-default elementor-section-height-default\" data-id=\"hsrzpip\" data-element_type=\"section\" data-e-type=\"section\">\n\t\t\t\t\t\t<div class=\"elementor-container elementor-column-gap-no\">\n\t\t\t\t\t<div class=\"elementor-column elementor-col-100 elementor-top-column elementor-element elementor-element-ec42f50\" data-id=\"ec42f50\" data-element_type=\"column\" data-e-type=\"column\">\n\t\t\t<div class=\"elementor-widget-wrap elementor-element-populated\">\n\t\t\t\t\t\t<div class=\"elementor-element elementor-element-8f8563d elementor-widget elementor-widget-heading\" data-id=\"8f8563d\" data-element_type=\"widget\" data-e-type=\"widget\" data-widget_type=\"heading.default\">\n\t\t\t\t<div class=\"elementor-widget-container\">\n\t\t\t\t\t<h6 class=\"elementor-heading-title elementor-size-default\">WHO WE ARE?<\/h6>\t\t\t\t<\/div>\n\t\t\t\t<\/div>\n\t\t\t\t<div class=\"elementor-element elementor-element-28d80d9 elementor-widget elementor-widget-heading\" data-id=\"28d80d9\" data-element_type=\"widget\" data-e-type=\"widget\" data-widget_type=\"heading.default\">\n\t\t\t\t<div class=\"elementor-widget-container\">\n\t\t\t\t\t<h2 class=\"elementor-heading-title elementor-size-default\">OUR TEAM<\/h2>\t\t\t\t<\/div>\n\t\t\t\t<\/div>\n\t\t\t\t<section class=\"elementor-section elementor-inner-section elementor-element elementor-element-59c4113 elementor-section-full_width elementor-section-height-default elementor-section-height-default\" data-id=\"59c4113\" data-element_type=\"section\" data-e-type=\"section\">\n\t\t\t\t\t\t\t<div class=\"elementor-background-overlay\"><\/div>\n\t\t\t\t\t\t\t<div class=\"elementor-container elementor-column-gap-no\">\n\t\t\t\t\t<div class=\"elementor-column elementor-col-33 elementor-inner-column elementor-element elementor-element-9d20c71\" data-id=\"9d20c71\" data-element_type=\"column\" data-e-type=\"column\">\n\t\t\t<div class=\"elementor-widget-wrap elementor-element-populated\">\n\t\t\t\t\t\t<div class=\"elementor-element elementor-element-7b2d8bf elementor-widget elementor-widget-image\" data-id=\"7b2d8bf\" data-element_type=\"widget\" data-e-type=\"widget\" data-widget_type=\"image.default\">\n\t\t\t\t<div class=\"elementor-widget-container\">\n\t\t\t\t\t\t\t\t\t\t\t\t\t\t\t<img decoding=\"async\" width=\"150\" height=\"150\" src=\"https:\/\/cordofonesprimor.com\/wp-content\/uploads\/2021\/06\/Vitor-Cordofones-Primor-150x150.jpg\" class=\"attachment-thumbnail size-thumbnail wp-image-1800\" alt=\"Constru\u00e7\u00e3o &amp; Montagem\" srcset=\"https:\/\/cordofonesprimor.com\/wp-content\/uploads\/2021\/06\/Vitor-Cordofones-Primor-150x150.jpg 150w, https:\/\/cordofonesprimor.com\/wp-content\/uploads\/2021\/06\/Vitor-Cordofones-Primor-300x300.jpg 300w, https:\/\/cordofonesprimor.com\/wp-content\/uploads\/2021\/06\/Vitor-Cordofones-Primor-12x12.jpg 12w, https:\/\/cordofonesprimor.com\/wp-content\/uploads\/2021\/06\/Vitor-Cordofones-Primor.jpg 497w\" sizes=\"(max-width: 150px) 100vw, 150px\" \/>\t\t\t\t\t\t\t\t\t\t\t\t\t\t\t<\/div>\n\t\t\t\t<\/div>\n\t\t\t\t<div class=\"elementor-element elementor-element-fe5b63b elementor-widget elementor-widget-heading\" data-id=\"fe5b63b\" data-element_type=\"widget\" data-e-type=\"widget\" data-widget_type=\"heading.default\">\n\t\t\t\t<div class=\"elementor-widget-container\">\n\t\t\t\t\t<h5 class=\"elementor-heading-title elementor-size-default\">V\u00edtor Filipe<\/h5>\t\t\t\t<\/div>\n\t\t\t\t<\/div>\n\t\t\t\t<div class=\"elementor-element elementor-element-abdd5e9 elementor-widget elementor-widget-heading\" data-id=\"abdd5e9\" data-element_type=\"widget\" data-e-type=\"widget\" data-widget_type=\"heading.default\">\n\t\t\t\t<div class=\"elementor-widget-container\">\n\t\t\t\t\t<div class=\"elementor-heading-title elementor-size-default\">Construction &amp; Assembly<\/div>\t\t\t\t<\/div>\n\t\t\t\t<\/div>\n\t\t\t\t\t<\/div>\n\t\t<\/div>\n\t\t\t\t<div class=\"elementor-column elementor-col-33 elementor-inner-column elementor-element elementor-element-5239182\" data-id=\"5239182\" data-element_type=\"column\" data-e-type=\"column\">\n\t\t\t<div class=\"elementor-widget-wrap elementor-element-populated\">\n\t\t\t\t\t\t<div class=\"elementor-element elementor-element-2f1b26e elementor-widget elementor-widget-image\" data-id=\"2f1b26e\" data-element_type=\"widget\" data-e-type=\"widget\" data-widget_type=\"image.default\">\n\t\t\t\t<div class=\"elementor-widget-container\">\n\t\t\t\t\t\t\t\t\t\t\t\t\t\t\t<img decoding=\"async\" width=\"150\" height=\"150\" src=\"https:\/\/cordofonesprimor.com\/wp-content\/uploads\/2021\/06\/Luis-Franca-Cordofones-Primor-150x150.jpg\" class=\"attachment-thumbnail size-thumbnail wp-image-1805\" alt=\"Restauro &amp; Artes Decorativas\" srcset=\"https:\/\/cordofonesprimor.com\/wp-content\/uploads\/2021\/06\/Luis-Franca-Cordofones-Primor-150x150.jpg 150w, https:\/\/cordofonesprimor.com\/wp-content\/uploads\/2021\/06\/Luis-Franca-Cordofones-Primor-300x300.jpg 300w, https:\/\/cordofonesprimor.com\/wp-content\/uploads\/2021\/06\/Luis-Franca-Cordofones-Primor-12x12.jpg 12w, https:\/\/cordofonesprimor.com\/wp-content\/uploads\/2021\/06\/Luis-Franca-Cordofones-Primor.jpg 718w\" sizes=\"(max-width: 150px) 100vw, 150px\" \/>\t\t\t\t\t\t\t\t\t\t\t\t\t\t\t<\/div>\n\t\t\t\t<\/div>\n\t\t\t\t<div class=\"elementor-element elementor-element-0689702 elementor-widget elementor-widget-heading\" data-id=\"0689702\" data-element_type=\"widget\" data-e-type=\"widget\" data-widget_type=\"heading.default\">\n\t\t\t\t<div class=\"elementor-widget-container\">\n\t\t\t\t\t<h5 class=\"elementor-heading-title elementor-size-default\">Lu\u00eds Fran\u00e7a<\/h5>\t\t\t\t<\/div>\n\t\t\t\t<\/div>\n\t\t\t\t<div class=\"elementor-element elementor-element-8718b64 elementor-widget elementor-widget-heading\" data-id=\"8718b64\" data-element_type=\"widget\" data-e-type=\"widget\" data-widget_type=\"heading.default\">\n\t\t\t\t<div class=\"elementor-widget-container\">\n\t\t\t\t\t<div class=\"elementor-heading-title elementor-size-default\">Restoration &amp; Decorative Arts<\/div>\t\t\t\t<\/div>\n\t\t\t\t<\/div>\n\t\t\t\t<div class=\"elementor-element elementor-element-5163dbd elementor-align-center elementor-icon-list--layout-inline elementor-mobile-align-center elementor-list-item-link-full_width elementor-widget elementor-widget-icon-list\" data-id=\"5163dbd\" data-element_type=\"widget\" data-e-type=\"widget\" data-widget_type=\"icon-list.default\">\n\t\t\t\t<div class=\"elementor-widget-container\">\n\t\t\t\t\t\t\t<ul class=\"elementor-icon-list-items elementor-inline-items\">\n\t\t\t\t\t\t\t<li class=\"elementor-icon-list-item elementor-inline-item\">\n\t\t\t\t\t\t\t\t\t\t\t<a href=\"https:\/\/www.facebook.com\/LF-Lu%C3%ADs-Fran%C3%A7a-Artes-decorativas-conserva%C3%A7%C3%A3o-e-restauro-205966199457393\">\n\n\t\t\t\t\t\t\t\t\t\t\t\t<span class=\"elementor-icon-list-icon\">\n\t\t\t\t\t\t\t<i aria-hidden=\"true\" class=\"fab fa-facebook-f\"><\/i>\t\t\t\t\t\t<\/span>\n\t\t\t\t\t\t\t\t\t\t<span class=\"elementor-icon-list-text\"><\/span>\n\t\t\t\t\t\t\t\t\t\t\t<\/a>\n\t\t\t\t\t\t\t\t\t<\/li>\n\t\t\t\t\t\t<\/ul>\n\t\t\t\t\t\t<\/div>\n\t\t\t\t<\/div>\n\t\t\t\t\t<\/div>\n\t\t<\/div>\n\t\t\t\t<div class=\"elementor-column elementor-col-33 elementor-inner-column elementor-element elementor-element-d19a71b\" data-id=\"d19a71b\" data-element_type=\"column\" data-e-type=\"column\">\n\t\t\t<div class=\"elementor-widget-wrap elementor-element-populated\">\n\t\t\t\t\t\t<div class=\"elementor-element elementor-element-491fded elementor-widget elementor-widget-image\" data-id=\"491fded\" data-element_type=\"widget\" data-e-type=\"widget\" data-widget_type=\"image.default\">\n\t\t\t\t<div class=\"elementor-widget-container\">\n\t\t\t\t\t\t\t\t\t\t\t\t\t\t\t<img decoding=\"async\" width=\"150\" height=\"150\" src=\"https:\/\/cordofonesprimor.com\/wp-content\/uploads\/2021\/06\/Samuel-Cordofones-Primor-150x150.jpg\" class=\"attachment-thumbnail size-thumbnail wp-image-1744\" alt=\"Manuten\u00e7\u00e3o e Electr\u00f3nica\" srcset=\"https:\/\/cordofonesprimor.com\/wp-content\/uploads\/2021\/06\/Samuel-Cordofones-Primor-150x150.jpg 150w, https:\/\/cordofonesprimor.com\/wp-content\/uploads\/2021\/06\/Samuel-Cordofones-Primor-300x300.jpg 300w, https:\/\/cordofonesprimor.com\/wp-content\/uploads\/2021\/06\/Samuel-Cordofones-Primor-768x768.jpg 768w, https:\/\/cordofonesprimor.com\/wp-content\/uploads\/2021\/06\/Samuel-Cordofones-Primor-12x12.jpg 12w, https:\/\/cordofonesprimor.com\/wp-content\/uploads\/2021\/06\/Samuel-Cordofones-Primor.jpg 799w\" sizes=\"(max-width: 150px) 100vw, 150px\" \/>\t\t\t\t\t\t\t\t\t\t\t\t\t\t\t<\/div>\n\t\t\t\t<\/div>\n\t\t\t\t<div class=\"elementor-element elementor-element-1cedda7 elementor-widget elementor-widget-heading\" data-id=\"1cedda7\" data-element_type=\"widget\" data-e-type=\"widget\" data-widget_type=\"heading.default\">\n\t\t\t\t<div class=\"elementor-widget-container\">\n\t\t\t\t\t<h5 class=\"elementor-heading-title elementor-size-default\">Samuel Sousa<\/h5>\t\t\t\t<\/div>\n\t\t\t\t<\/div>\n\t\t\t\t<div class=\"elementor-element elementor-element-d0bda42 elementor-widget elementor-widget-heading\" data-id=\"d0bda42\" data-element_type=\"widget\" data-e-type=\"widget\" data-widget_type=\"heading.default\">\n\t\t\t\t<div class=\"elementor-widget-container\">\n\t\t\t\t\t<div class=\"elementor-heading-title elementor-size-default\">Maintenance &amp; Electronics<\/div>\t\t\t\t<\/div>\n\t\t\t\t<\/div>\n\t\t\t\t<div class=\"elementor-element elementor-element-ef39216 elementor-align-center elementor-icon-list--layout-inline elementor-mobile-align-center elementor-list-item-link-full_width elementor-widget elementor-widget-icon-list\" data-id=\"ef39216\" data-element_type=\"widget\" data-e-type=\"widget\" data-widget_type=\"icon-list.default\">\n\t\t\t\t<div class=\"elementor-widget-container\">\n\t\t\t\t\t\t\t<ul class=\"elementor-icon-list-items elementor-inline-items\">\n\t\t\t\t\t\t\t<li class=\"elementor-icon-list-item elementor-inline-item\">\n\t\t\t\t\t\t\t\t\t\t\t<a href=\"https:\/\/www.facebook.com\/samuel.sousa.568294\">\n\n\t\t\t\t\t\t\t\t\t\t\t\t<span class=\"elementor-icon-list-icon\">\n\t\t\t\t\t\t\t<i aria-hidden=\"true\" class=\"fab fa-facebook-f\"><\/i>\t\t\t\t\t\t<\/span>\n\t\t\t\t\t\t\t\t\t\t<span class=\"elementor-icon-list-text\"><\/span>\n\t\t\t\t\t\t\t\t\t\t\t<\/a>\n\t\t\t\t\t\t\t\t\t<\/li>\n\t\t\t\t\t\t<\/ul>\n\t\t\t\t\t\t<\/div>\n\t\t\t\t<\/div>\n\t\t\t\t\t<\/div>\n\t\t<\/div>\n\t\t\t\t\t<\/div>\n\t\t<\/section>\n\t\t\t\t\t<\/div>\n\t\t<\/div>\n\t\t\t\t\t<\/div>\n\t\t<\/section>\n\t\t\t\t<\/div>","protected":false},"excerpt":{"rendered":"<p>CONSTRU\u00c7\u00c3O, RESTAURO E MANUTEN\u00c7\u00c3O DE INTRUMENTOS MUSICAIS OS NOSSOS OBJECTIVOS A Cordofones Primor pretende inovar os m\u00e9todos de constru\u00e7\u00e3o dos Cordofones Tradicionais Madeirenses, de forma a reduzir custos e permitir o acesso aos mesmos de forma generalizada. Representando a delicadeza de trabalho nos materiais envolvidos, necess\u00e1ria para garantir uma est\u00e9tica apropriada e uma sonoridade agrad\u00e1vel. [&hellip;]<\/p>\n","protected":false},"author":1,"featured_media":0,"parent":0,"menu_order":0,"comment_status":"closed","ping_status":"closed","template":"","meta":{"footnotes":"","_wp_rev_ctl_limit":""},"class_list":["post-2735","page","type-page","status-publish","hentry"],"yoast_head":"<!-- This site is optimized with the Yoast SEO plugin v27.1.1 - https:\/\/yoast.com\/product\/yoast-seo-wordpress\/ -->\n<title>CORDOFONES PRIMOR - Marca Nacional (INPI) N.&ordm; 625893<\/title>\n<meta name=\"description\" content=\"A Cordofones Primor pretende inovar os m\u00e9todos de constru\u00e7\u00e3o dos Cordofones Tradicionais Madeirenses, de forma a reduzir custos ...\" \/>\n<meta name=\"robots\" content=\"index, follow, max-snippet:-1, max-image-preview:large, max-video-preview:-1\" \/>\n<link rel=\"canonical\" href=\"https:\/\/cordofonesprimor.com\/en\/objectivos\/\" \/>\n<meta property=\"og:locale\" content=\"en_US\" \/>\n<meta property=\"og:type\" content=\"article\" \/>\n<meta property=\"og:title\" content=\"CORDOFONES PRIMOR - Marca Nacional (INPI) N.&ordm; 625893\" \/>\n<meta property=\"og:description\" content=\"A Cordofones Primor pretende inovar os m\u00e9todos de constru\u00e7\u00e3o dos Cordofones Tradicionais Madeirenses, de forma a reduzir custos ...\" \/>\n<meta property=\"og:url\" content=\"https:\/\/cordofonesprimor.com\/en\/objectivos\/\" \/>\n<meta property=\"og:site_name\" content=\"CORDOFONES PRIMOR - Marca Nacional (INPI) N.&ordm; 625893\" \/>\n<meta property=\"article:modified_time\" content=\"2024-02-12T19:04:04+00:00\" \/>\n<meta property=\"og:image\" content=\"https:\/\/cordofonesprimor.com\/wp-content\/uploads\/2021\/06\/Vitor-Cordofones-Primor-150x150.jpg\" \/>\n<meta name=\"twitter:card\" content=\"summary_large_image\" \/>\n<meta name=\"twitter:label1\" content=\"Est. reading time\" \/>\n\t<meta name=\"twitter:data1\" content=\"3 minutes\" \/>\n<script type=\"application\/ld+json\" class=\"yoast-schema-graph\">{\"@context\":\"https:\/\/schema.org\",\"@graph\":[{\"@type\":\"WebPage\",\"@id\":\"https:\/\/cordofonesprimor.com\/objectivos\/\",\"url\":\"https:\/\/cordofonesprimor.com\/objectivos\/\",\"name\":\"CORDOFONES PRIMOR - Marca Nacional (INPI) N.&ordm; 625893\",\"isPartOf\":{\"@id\":\"https:\/\/cordofonesprimor.com\/#website\"},\"primaryImageOfPage\":{\"@id\":\"https:\/\/cordofonesprimor.com\/objectivos\/#primaryimage\"},\"image\":{\"@id\":\"https:\/\/cordofonesprimor.com\/objectivos\/#primaryimage\"},\"thumbnailUrl\":\"https:\/\/cordofonesprimor.com\/wp-content\/uploads\/2021\/06\/Vitor-Cordofones-Primor-150x150.jpg\",\"datePublished\":\"2024-02-12T19:03:22+00:00\",\"dateModified\":\"2024-02-12T19:04:04+00:00\",\"description\":\"A Cordofones Primor pretende inovar os m\u00e9todos de constru\u00e7\u00e3o dos Cordofones Tradicionais Madeirenses, de forma a reduzir custos ...\",\"breadcrumb\":{\"@id\":\"https:\/\/cordofonesprimor.com\/objectivos\/#breadcrumb\"},\"inLanguage\":\"en-US\",\"potentialAction\":[{\"@type\":\"ReadAction\",\"target\":[\"https:\/\/cordofonesprimor.com\/objectivos\/\"]}]},{\"@type\":\"ImageObject\",\"inLanguage\":\"en-US\",\"@id\":\"https:\/\/cordofonesprimor.com\/objectivos\/#primaryimage\",\"url\":\"https:\/\/cordofonesprimor.com\/wp-content\/uploads\/2021\/06\/Vitor-Cordofones-Primor-150x150.jpg\",\"contentUrl\":\"https:\/\/cordofonesprimor.com\/wp-content\/uploads\/2021\/06\/Vitor-Cordofones-Primor-150x150.jpg\"},{\"@type\":\"BreadcrumbList\",\"@id\":\"https:\/\/cordofonesprimor.com\/objectivos\/#breadcrumb\",\"itemListElement\":[{\"@type\":\"ListItem\",\"position\":1,\"name\":\"In\u00edcio\",\"item\":\"https:\/\/cordofonesprimor.com\/\"},{\"@type\":\"ListItem\",\"position\":2,\"name\":\"Objectivos\"}]},{\"@type\":\"WebSite\",\"@id\":\"https:\/\/cordofonesprimor.com\/#website\",\"url\":\"https:\/\/cordofonesprimor.com\/\",\"name\":\"CORDOFONES PRIMOR - Marca Nacional (INPI) N.&ordm; 625893\",\"description\":\"Constru&ccedil;&atilde;o, Restauro e Manuten&ccedil;&atilde;o de Instrumentos Musicais\",\"publisher\":{\"@id\":\"https:\/\/cordofonesprimor.com\/#organization\"},\"potentialAction\":[{\"@type\":\"SearchAction\",\"target\":{\"@type\":\"EntryPoint\",\"urlTemplate\":\"https:\/\/cordofonesprimor.com\/?s={search_term_string}\"},\"query-input\":{\"@type\":\"PropertyValueSpecification\",\"valueRequired\":true,\"valueName\":\"search_term_string\"}}],\"inLanguage\":\"en-US\"},{\"@type\":\"Organization\",\"@id\":\"https:\/\/cordofonesprimor.com\/#organization\",\"name\":\"Cordofones Primor\",\"url\":\"https:\/\/cordofonesprimor.com\/\",\"logo\":{\"@type\":\"ImageObject\",\"inLanguage\":\"en-US\",\"@id\":\"https:\/\/cordofonesprimor.com\/#\/schema\/logo\/image\/\",\"url\":\"https:\/\/cordofonesprimor.com\/wp-content\/uploads\/2021\/05\/cropped-logo-Cordofones-primo-A3-1.png\",\"contentUrl\":\"https:\/\/cordofonesprimor.com\/wp-content\/uploads\/2021\/05\/cropped-logo-Cordofones-primo-A3-1.png\",\"width\":1020,\"height\":1024,\"caption\":\"Cordofones Primor\"},\"image\":{\"@id\":\"https:\/\/cordofonesprimor.com\/#\/schema\/logo\/image\/\"}}]}<\/script>\n<!-- \/ Yoast SEO plugin. -->","yoast_head_json":{"title":"CORDOFONES PRIMOR - Marca Nacional (INPI) N.&ordm; 625893","description":"A Cordofones Primor pretende inovar os m\u00e9todos de constru\u00e7\u00e3o dos Cordofones Tradicionais Madeirenses, de forma a reduzir custos ...","robots":{"index":"index","follow":"follow","max-snippet":"max-snippet:-1","max-image-preview":"max-image-preview:large","max-video-preview":"max-video-preview:-1"},"canonical":"https:\/\/cordofonesprimor.com\/en\/objectivos\/","og_locale":"en_US","og_type":"article","og_title":"CORDOFONES PRIMOR - Marca Nacional (INPI) N.&ordm; 625893","og_description":"A Cordofones Primor pretende inovar os m\u00e9todos de constru\u00e7\u00e3o dos Cordofones Tradicionais Madeirenses, de forma a reduzir custos ...","og_url":"https:\/\/cordofonesprimor.com\/en\/objectivos\/","og_site_name":"CORDOFONES PRIMOR - Marca Nacional (INPI) N.&ordm; 625893","article_modified_time":"2024-02-12T19:04:04+00:00","og_image":[{"url":"https:\/\/cordofonesprimor.com\/wp-content\/uploads\/2021\/06\/Vitor-Cordofones-Primor-150x150.jpg","type":"","width":"","height":""}],"twitter_card":"summary_large_image","twitter_misc":{"Est. reading time":"3 minutes"},"schema":{"@context":"https:\/\/schema.org","@graph":[{"@type":"WebPage","@id":"https:\/\/cordofonesprimor.com\/objectivos\/","url":"https:\/\/cordofonesprimor.com\/objectivos\/","name":"CORDOFONES PRIMOR - Marca Nacional (INPI) N.&ordm; 625893","isPartOf":{"@id":"https:\/\/cordofonesprimor.com\/#website"},"primaryImageOfPage":{"@id":"https:\/\/cordofonesprimor.com\/objectivos\/#primaryimage"},"image":{"@id":"https:\/\/cordofonesprimor.com\/objectivos\/#primaryimage"},"thumbnailUrl":"https:\/\/cordofonesprimor.com\/wp-content\/uploads\/2021\/06\/Vitor-Cordofones-Primor-150x150.jpg","datePublished":"2024-02-12T19:03:22+00:00","dateModified":"2024-02-12T19:04:04+00:00","description":"A Cordofones Primor pretende inovar os m\u00e9todos de constru\u00e7\u00e3o dos Cordofones Tradicionais Madeirenses, de forma a reduzir custos ...","breadcrumb":{"@id":"https:\/\/cordofonesprimor.com\/objectivos\/#breadcrumb"},"inLanguage":"en-US","potentialAction":[{"@type":"ReadAction","target":["https:\/\/cordofonesprimor.com\/objectivos\/"]}]},{"@type":"ImageObject","inLanguage":"en-US","@id":"https:\/\/cordofonesprimor.com\/objectivos\/#primaryimage","url":"https:\/\/cordofonesprimor.com\/wp-content\/uploads\/2021\/06\/Vitor-Cordofones-Primor-150x150.jpg","contentUrl":"https:\/\/cordofonesprimor.com\/wp-content\/uploads\/2021\/06\/Vitor-Cordofones-Primor-150x150.jpg"},{"@type":"BreadcrumbList","@id":"https:\/\/cordofonesprimor.com\/objectivos\/#breadcrumb","itemListElement":[{"@type":"ListItem","position":1,"name":"In\u00edcio","item":"https:\/\/cordofonesprimor.com\/"},{"@type":"ListItem","position":2,"name":"Objectivos"}]},{"@type":"WebSite","@id":"https:\/\/cordofonesprimor.com\/#website","url":"https:\/\/cordofonesprimor.com\/","name":"CORDOFONES PRIMOR - Marca Nacional (INPI) N.&ordm; 625893","description":"Constru&ccedil;&atilde;o, Restauro e Manuten&ccedil;&atilde;o de Instrumentos Musicais","publisher":{"@id":"https:\/\/cordofonesprimor.com\/#organization"},"potentialAction":[{"@type":"SearchAction","target":{"@type":"EntryPoint","urlTemplate":"https:\/\/cordofonesprimor.com\/?s={search_term_string}"},"query-input":{"@type":"PropertyValueSpecification","valueRequired":true,"valueName":"search_term_string"}}],"inLanguage":"en-US"},{"@type":"Organization","@id":"https:\/\/cordofonesprimor.com\/#organization","name":"Cordofones Primor","url":"https:\/\/cordofonesprimor.com\/","logo":{"@type":"ImageObject","inLanguage":"en-US","@id":"https:\/\/cordofonesprimor.com\/#\/schema\/logo\/image\/","url":"https:\/\/cordofonesprimor.com\/wp-content\/uploads\/2021\/05\/cropped-logo-Cordofones-primo-A3-1.png","contentUrl":"https:\/\/cordofonesprimor.com\/wp-content\/uploads\/2021\/05\/cropped-logo-Cordofones-primo-A3-1.png","width":1020,"height":1024,"caption":"Cordofones Primor"},"image":{"@id":"https:\/\/cordofonesprimor.com\/#\/schema\/logo\/image\/"}}]}},"_links":{"self":[{"href":"https:\/\/cordofonesprimor.com\/en\/wp-json\/wp\/v2\/pages\/2735","targetHints":{"allow":["GET"]}}],"collection":[{"href":"https:\/\/cordofonesprimor.com\/en\/wp-json\/wp\/v2\/pages"}],"about":[{"href":"https:\/\/cordofonesprimor.com\/en\/wp-json\/wp\/v2\/types\/page"}],"author":[{"embeddable":true,"href":"https:\/\/cordofonesprimor.com\/en\/wp-json\/wp\/v2\/users\/1"}],"replies":[{"embeddable":true,"href":"https:\/\/cordofonesprimor.com\/en\/wp-json\/wp\/v2\/comments?post=2735"}],"version-history":[{"count":0,"href":"https:\/\/cordofonesprimor.com\/en\/wp-json\/wp\/v2\/pages\/2735\/revisions"}],"wp:attachment":[{"href":"https:\/\/cordofonesprimor.com\/en\/wp-json\/wp\/v2\/media?parent=2735"}],"curies":[{"name":"wp","href":"https:\/\/api.w.org\/{rel}","templated":true}]}}