{"id":2830,"date":"2026-02-09T19:54:45","date_gmt":"2026-02-09T19:54:45","guid":{"rendered":"https:\/\/cordofonesprimor.com\/?page_id=2830"},"modified":"2026-02-16T20:00:00","modified_gmt":"2026-02-16T20:00:00","slug":"ofertas","status":"publish","type":"page","link":"https:\/\/cordofonesprimor.com\/en\/ofertas\/","title":{"rendered":"Downloadables"},"content":{"rendered":"<div data-elementor-type=\"wp-page\" data-elementor-id=\"2830\" class=\"elementor elementor-2830\">\n\t\t\t\t\t\t<section class=\"elementor-section elementor-top-section elementor-element elementor-element-0e8c74c elementor-section-boxed elementor-section-height-default elementor-section-height-default\" data-id=\"0e8c74c\" data-element_type=\"section\" data-e-type=\"section\">\n\t\t\t\t\t\t<div class=\"elementor-container elementor-column-gap-no\">\n\t\t\t\t\t<div class=\"elementor-column elementor-col-100 elementor-top-column elementor-element elementor-element-d49d8d4\" data-id=\"d49d8d4\" data-element_type=\"column\" data-e-type=\"column\">\n\t\t\t<div class=\"elementor-widget-wrap elementor-element-populated\">\n\t\t\t\t\t\t<div class=\"elementor-element elementor-element-a381fb1 elementor-widget elementor-widget-heading\" data-id=\"a381fb1\" data-element_type=\"widget\" data-e-type=\"widget\" data-widget_type=\"heading.default\">\n\t\t\t\t<div class=\"elementor-widget-container\">\n\t\t\t\t\t<h6 class=\"elementor-heading-title elementor-size-default\">DISCOVER OUR DIGITAL OFFERS<\/h6>\t\t\t\t<\/div>\n\t\t\t\t<\/div>\n\t\t\t\t<div class=\"elementor-element elementor-element-cd3c5db elementor-widget elementor-widget-heading\" data-id=\"cd3c5db\" data-element_type=\"widget\" data-e-type=\"widget\" data-widget_type=\"heading.default\">\n\t\t\t\t<div class=\"elementor-widget-container\">\n\t\t\t\t\t<h2 class=\"elementor-heading-title elementor-size-default\">OFERTAS<\/h2>\t\t\t\t<\/div>\n\t\t\t\t<\/div>\n\t\t\t\t<section class=\"elementor-section elementor-inner-section elementor-element elementor-element-7d6a0a8 elementor-section-boxed elementor-section-height-default elementor-section-height-default\" data-id=\"7d6a0a8\" data-element_type=\"section\" data-e-type=\"section\">\n\t\t\t\t\t\t<div class=\"elementor-container elementor-column-gap-default\">\n\t\t\t\t\t<div class=\"elementor-column elementor-col-100 elementor-inner-column elementor-element elementor-element-2f9c895\" data-id=\"2f9c895\" data-element_type=\"column\" data-e-type=\"column\">\n\t\t\t<div class=\"elementor-widget-wrap elementor-element-populated\">\n\t\t\t\t\t\t<div class=\"elementor-element elementor-element-964ee94 elementor-widget elementor-widget-heading\" data-id=\"964ee94\" data-element_type=\"widget\" data-e-type=\"widget\" data-widget_type=\"heading.default\">\n\t\t\t\t<div class=\"elementor-widget-container\">\n\t\t\t\t\t<h4 class=\"elementor-heading-title elementor-size-default\">DIGITAL BOOKS<\/h4>\t\t\t\t<\/div>\n\t\t\t\t<\/div>\n\t\t\t\t\t<\/div>\n\t\t<\/div>\n\t\t\t\t\t<\/div>\n\t\t<\/section>\n\t\t\t\t<section class=\"elementor-section elementor-inner-section elementor-element elementor-element-b1eece8 elementor-section-boxed elementor-section-height-default elementor-section-height-default\" data-id=\"b1eece8\" data-element_type=\"section\" data-e-type=\"section\">\n\t\t\t\t\t\t<div class=\"elementor-container elementor-column-gap-default\">\n\t\t\t\t\t<div class=\"elementor-column elementor-col-50 elementor-inner-column elementor-element elementor-element-cebbb67\" data-id=\"cebbb67\" data-element_type=\"column\" data-e-type=\"column\">\n\t\t\t<div class=\"elementor-widget-wrap elementor-element-populated\">\n\t\t\t\t\t\t<div class=\"elementor-element elementor-element-36ce80d elementor-widget elementor-widget-heading\" data-id=\"36ce80d\" data-element_type=\"widget\" data-e-type=\"widget\" data-widget_type=\"heading.default\">\n\t\t\t\t<div class=\"elementor-widget-container\">\n\t\t\t\t\t<h5 class=\"elementor-heading-title elementor-size-default\">EMPERIUM - A NEW BEGINNING<\/h5>\t\t\t\t<\/div>\n\t\t\t\t<\/div>\n\t\t\t\t<div class=\"elementor-element elementor-element-203e027 elementor-widget elementor-widget-image\" data-id=\"203e027\" data-element_type=\"widget\" data-e-type=\"widget\" data-widget_type=\"image.default\">\n\t\t\t\t<div class=\"elementor-widget-container\">\n\t\t\t\t\t\t\t\t\t\t\t\t\t\t\t\t<a href=\"https:\/\/cordofonesprimor.com\/wp-content\/uploads\/2026\/02\/LIVRO-EMPERIUM-A-NEW-BEGINNING.pdf\">\n\t\t\t\t\t\t\t<img fetchpriority=\"high\" decoding=\"async\" width=\"212\" height=\"300\" src=\"https:\/\/cordofonesprimor.com\/wp-content\/uploads\/2026\/02\/LIVRO-EMPERIUM-A-NEW-BEGINNING-212x300.png\" class=\"attachment-medium size-medium wp-image-2841\" alt=\"\" srcset=\"https:\/\/cordofonesprimor.com\/wp-content\/uploads\/2026\/02\/LIVRO-EMPERIUM-A-NEW-BEGINNING-212x300.png 212w, https:\/\/cordofonesprimor.com\/wp-content\/uploads\/2026\/02\/LIVRO-EMPERIUM-A-NEW-BEGINNING-8x12.png 8w, https:\/\/cordofonesprimor.com\/wp-content\/uploads\/2026\/02\/LIVRO-EMPERIUM-A-NEW-BEGINNING.png 600w\" sizes=\"(max-width: 212px) 100vw, 212px\" \/>\t\t\t\t\t\t\t\t<\/a>\n\t\t\t\t\t\t\t\t\t\t\t\t\t\t\t<\/div>\n\t\t\t\t<\/div>\n\t\t\t\t<div class=\"elementor-element elementor-element-203eed9 elementor-widget elementor-widget-heading\" data-id=\"203eed9\" data-element_type=\"widget\" data-e-type=\"widget\" data-widget_type=\"heading.default\">\n\t\t\t\t<div class=\"elementor-widget-container\">\n\t\t\t\t\t<h5 class=\"elementor-heading-title elementor-size-default\">CLICK ON THE IMAGE TO DOWNLOAD<\/h5>\t\t\t\t<\/div>\n\t\t\t\t<\/div>\n\t\t\t\t\t<\/div>\n\t\t<\/div>\n\t\t\t\t<div class=\"elementor-column elementor-col-50 elementor-inner-column elementor-element elementor-element-d76abbd\" data-id=\"d76abbd\" data-element_type=\"column\" data-e-type=\"column\">\n\t\t\t<div class=\"elementor-widget-wrap elementor-element-populated\">\n\t\t\t\t\t\t<div class=\"elementor-element elementor-element-7c41da2 elementor-widget elementor-widget-heading\" data-id=\"7c41da2\" data-element_type=\"widget\" data-e-type=\"widget\" data-widget_type=\"heading.default\">\n\t\t\t\t<div class=\"elementor-widget-container\">\n\t\t\t\t\t<h5 class=\"elementor-heading-title elementor-size-default\">N\u00d3S SOMOS...<\/h5>\t\t\t\t<\/div>\n\t\t\t\t<\/div>\n\t\t\t\t<div class=\"elementor-element elementor-element-579aba6 elementor-widget elementor-widget-image\" data-id=\"579aba6\" data-element_type=\"widget\" data-e-type=\"widget\" data-widget_type=\"image.default\">\n\t\t\t\t<div class=\"elementor-widget-container\">\n\t\t\t\t\t\t\t\t\t\t\t\t\t\t\t\t<a href=\"https:\/\/cordofonesprimor.com\/wp-content\/uploads\/2026\/02\/LIVRO-NOS-SOMOS.pdf\">\n\t\t\t\t\t\t\t<img decoding=\"async\" width=\"225\" height=\"300\" src=\"https:\/\/cordofonesprimor.com\/wp-content\/uploads\/2026\/02\/LIVRO-NOS-SOMOS.png\" class=\"attachment-medium size-medium wp-image-2879\" alt=\"\" \/>\t\t\t\t\t\t\t\t<\/a>\n\t\t\t\t\t\t\t\t\t\t\t\t\t\t\t<\/div>\n\t\t\t\t<\/div>\n\t\t\t\t<div class=\"elementor-element elementor-element-1cbe407 elementor-widget elementor-widget-heading\" data-id=\"1cbe407\" data-element_type=\"widget\" data-e-type=\"widget\" data-widget_type=\"heading.default\">\n\t\t\t\t<div class=\"elementor-widget-container\">\n\t\t\t\t\t<h5 class=\"elementor-heading-title elementor-size-default\">CLICK ON THE IMAGE TO DOWNLOAD<\/h5>\t\t\t\t<\/div>\n\t\t\t\t<\/div>\n\t\t\t\t\t<\/div>\n\t\t<\/div>\n\t\t\t\t\t<\/div>\n\t\t<\/section>\n\t\t\t\t<section class=\"elementor-section elementor-inner-section elementor-element elementor-element-0300632 elementor-section-boxed elementor-section-height-default elementor-section-height-default\" data-id=\"0300632\" data-element_type=\"section\" data-e-type=\"section\">\n\t\t\t\t\t\t<div class=\"elementor-container elementor-column-gap-default\">\n\t\t\t\t\t<div class=\"elementor-column elementor-col-100 elementor-inner-column elementor-element elementor-element-291b4c9\" data-id=\"291b4c9\" data-element_type=\"column\" data-e-type=\"column\">\n\t\t\t<div class=\"elementor-widget-wrap elementor-element-populated\">\n\t\t\t\t\t\t<div class=\"elementor-element elementor-element-46b08a3 elementor-widget elementor-widget-heading\" data-id=\"46b08a3\" data-element_type=\"widget\" data-e-type=\"widget\" data-widget_type=\"heading.default\">\n\t\t\t\t<div class=\"elementor-widget-container\">\n\t\t\t\t\t<h4 class=\"elementor-heading-title elementor-size-default\">DOCUMENT\u00c1RIOS<\/h4>\t\t\t\t<\/div>\n\t\t\t\t<\/div>\n\t\t\t\t\t<\/div>\n\t\t<\/div>\n\t\t\t\t\t<\/div>\n\t\t<\/section>\n\t\t\t\t<section class=\"elementor-section elementor-inner-section elementor-element elementor-element-c747bdd elementor-section-boxed elementor-section-height-default elementor-section-height-default\" data-id=\"c747bdd\" data-element_type=\"section\" data-e-type=\"section\">\n\t\t\t\t\t\t<div class=\"elementor-container elementor-column-gap-default\">\n\t\t\t\t\t<div class=\"elementor-column elementor-col-50 elementor-inner-column elementor-element elementor-element-b63a5c3\" data-id=\"b63a5c3\" data-element_type=\"column\" data-e-type=\"column\">\n\t\t\t<div class=\"elementor-widget-wrap elementor-element-populated\">\n\t\t\t\t\t\t<div class=\"elementor-element elementor-element-55bac3c elementor-widget elementor-widget-heading\" data-id=\"55bac3c\" data-element_type=\"widget\" data-e-type=\"widget\" data-widget_type=\"heading.default\">\n\t\t\t\t<div class=\"elementor-widget-container\">\n\t\t\t\t\t<h5 class=\"elementor-heading-title elementor-size-default\">CORDOPHONES MADEIRENSES: ONTEM, HOJE E O AMANH\u00c3 - Uma Vis\u00e3o Alternativa<\/h5>\t\t\t\t<\/div>\n\t\t\t\t<\/div>\n\t\t\t\t<div class=\"elementor-element elementor-element-944057d elementor-widget elementor-widget-video\" data-id=\"944057d\" data-element_type=\"widget\" data-e-type=\"widget\" data-settings=\"{&quot;youtube_url&quot;:&quot;https:\\\/\\\/www.youtube.com\\\/watch?v=JfNr_rdDsNk&quot;,&quot;video_type&quot;:&quot;youtube&quot;,&quot;controls&quot;:&quot;yes&quot;}\" data-widget_type=\"video.default\">\n\t\t\t\t<div class=\"elementor-widget-container\">\n\t\t\t\t\t\t\t<div class=\"elementor-wrapper elementor-open-inline\">\n\t\t\t<div class=\"elementor-video\"><\/div>\t\t<\/div>\n\t\t\t\t\t\t<\/div>\n\t\t\t\t<\/div>\n\t\t\t\t<div class=\"elementor-element elementor-element-8fe1274 elementor-widget elementor-widget-heading\" data-id=\"8fe1274\" data-element_type=\"widget\" data-e-type=\"widget\" data-widget_type=\"heading.default\">\n\t\t\t\t<div class=\"elementor-widget-container\">\n\t\t\t\t\t<h5 class=\"elementor-heading-title elementor-size-default\">CLICK ON THE VIDEO TO VIEW<\/h5>\t\t\t\t<\/div>\n\t\t\t\t<\/div>\n\t\t\t\t<div class=\"elementor-element elementor-element-2bab236 elementor-widget elementor-widget-toggle\" data-id=\"2bab236\" data-element_type=\"widget\" data-e-type=\"widget\" data-widget_type=\"toggle.default\">\n\t\t\t\t<div class=\"elementor-widget-container\">\n\t\t\t\t\t\t\t<div class=\"elementor-toggle\">\n\t\t\t\t\t\t\t<div class=\"elementor-toggle-item\">\n\t\t\t\t\t<div id=\"elementor-tab-title-4571\" class=\"elementor-tab-title\" data-tab=\"1\" role=\"button\" aria-controls=\"elementor-tab-content-4571\" aria-expanded=\"false\">\n\t\t\t\t\t\t\t\t\t\t\t\t<span class=\"elementor-toggle-icon elementor-toggle-icon-left\" aria-hidden=\"true\">\n\t\t\t\t\t\t\t\t\t\t\t\t\t\t\t<span class=\"elementor-toggle-icon-closed\"><i class=\"fas fa-caret-right\"><\/i><\/span>\n\t\t\t\t\t\t\t\t<span class=\"elementor-toggle-icon-opened\"><i class=\"elementor-toggle-icon-opened fas fa-caret-down\"><\/i><\/span>\n\t\t\t\t\t\t\t\t\t\t\t\t\t<\/span>\n\t\t\t\t\t\t\t\t\t\t\t\t<a class=\"elementor-toggle-title\" tabindex=\"0\">SINOPSE<\/a>\n\t\t\t\t\t<\/div>\n\n\t\t\t\t\t<div id=\"elementor-tab-content-4571\" class=\"elementor-tab-content elementor-clearfix\" data-tab=\"1\" role=\"region\" aria-labelledby=\"elementor-tab-title-4571\"><p>Neste document\u00e1rio, mergulhamos no legado da professora Aura, inspira\u00e7\u00e3o maior da Associa\u00e7\u00e3o Aura, criada em sua homenagem. Atrav\u00e9s do percurso desta associa\u00e7\u00e3o profundamente ligada ao trabalho comunit\u00e1rio, \u00e0 cultura, \u00e0 preserva\u00e7\u00e3o e a inova\u00e7\u00e3o dos cordofones tradicionais madeirenses, revela-se uma hist\u00f3ria de continuidade, afeto e miss\u00e3o. O document\u00e1rio explora uma vis\u00e3o \u00edntima: a forma como a Associa\u00e7\u00e3o Aura v\u00ea a m\u00e3e Aura, o ensino, a cultura e a import\u00e2ncia dos cordofones como instrumento de mem\u00f3ria e transforma\u00e7\u00e3o social. O seu prop\u00f3sito \u00e9 claro: perpetuar quem nos antecede, honrando-os e transmitindo \u00e0s futuras gera\u00e7\u00f5es os valores, saberes e ra\u00edzes que moldam a nossa identidade, a nossa hist\u00f3ria. \u201cEnquanto um de n\u00f3s c\u00e1 estiver, a nossa ess\u00eancia prevalece.\u201d<\/p><\/div>\n\t\t\t\t<\/div>\n\t\t\t\t\t\t\t\t<\/div>\n\t\t\t\t\t\t<\/div>\n\t\t\t\t<\/div>\n\t\t\t\t\t<\/div>\n\t\t<\/div>\n\t\t\t\t<div class=\"elementor-column elementor-col-50 elementor-inner-column elementor-element elementor-element-315407b\" data-id=\"315407b\" data-element_type=\"column\" data-e-type=\"column\">\n\t\t\t<div class=\"elementor-widget-wrap elementor-element-populated\">\n\t\t\t\t\t\t<div class=\"elementor-element elementor-element-69a773c elementor-widget elementor-widget-heading\" data-id=\"69a773c\" data-element_type=\"widget\" data-e-type=\"widget\" data-widget_type=\"heading.default\">\n\t\t\t\t<div class=\"elementor-widget-container\">\n\t\t\t\t\t<h5 class=\"elementor-heading-title elementor-size-default\">MADEIRAN CHORDOPHONES: YESTERDAY, TODAY AND TOMORROW - An Alternative Perspective<\/h5>\t\t\t\t<\/div>\n\t\t\t\t<\/div>\n\t\t\t\t<div class=\"elementor-element elementor-element-34ab11d elementor-widget elementor-widget-video\" data-id=\"34ab11d\" data-element_type=\"widget\" data-e-type=\"widget\" data-settings=\"{&quot;youtube_url&quot;:&quot;https:\\\/\\\/www.youtube.com\\\/watch?v=yQAp_hnqCfE&quot;,&quot;video_type&quot;:&quot;youtube&quot;,&quot;controls&quot;:&quot;yes&quot;}\" data-widget_type=\"video.default\">\n\t\t\t\t<div class=\"elementor-widget-container\">\n\t\t\t\t\t\t\t<div class=\"elementor-wrapper elementor-open-inline\">\n\t\t\t<div class=\"elementor-video\"><\/div>\t\t<\/div>\n\t\t\t\t\t\t<\/div>\n\t\t\t\t<\/div>\n\t\t\t\t<div class=\"elementor-element elementor-element-ad10c19 elementor-widget elementor-widget-heading\" data-id=\"ad10c19\" data-element_type=\"widget\" data-e-type=\"widget\" data-widget_type=\"heading.default\">\n\t\t\t\t<div class=\"elementor-widget-container\">\n\t\t\t\t\t<h5 class=\"elementor-heading-title elementor-size-default\">CLICK ON THE VIDEO TO WATCH<\/h5>\t\t\t\t<\/div>\n\t\t\t\t<\/div>\n\t\t\t\t<div class=\"elementor-element elementor-element-fd0e103 elementor-widget elementor-widget-toggle\" data-id=\"fd0e103\" data-element_type=\"widget\" data-e-type=\"widget\" data-widget_type=\"toggle.default\">\n\t\t\t\t<div class=\"elementor-widget-container\">\n\t\t\t\t\t\t\t<div class=\"elementor-toggle\">\n\t\t\t\t\t\t\t<div class=\"elementor-toggle-item\">\n\t\t\t\t\t<div id=\"elementor-tab-title-2651\" class=\"elementor-tab-title\" data-tab=\"1\" role=\"button\" aria-controls=\"elementor-tab-content-2651\" aria-expanded=\"false\">\n\t\t\t\t\t\t\t\t\t\t\t\t<span class=\"elementor-toggle-icon elementor-toggle-icon-left\" aria-hidden=\"true\">\n\t\t\t\t\t\t\t\t\t\t\t\t\t\t\t<span class=\"elementor-toggle-icon-closed\"><i class=\"fas fa-caret-right\"><\/i><\/span>\n\t\t\t\t\t\t\t\t<span class=\"elementor-toggle-icon-opened\"><i class=\"elementor-toggle-icon-opened fas fa-caret-down\"><\/i><\/span>\n\t\t\t\t\t\t\t\t\t\t\t\t\t<\/span>\n\t\t\t\t\t\t\t\t\t\t\t\t<a class=\"elementor-toggle-title\" tabindex=\"0\">SYNOPSYS<\/a>\n\t\t\t\t\t<\/div>\n\n\t\t\t\t\t<div id=\"elementor-tab-content-2651\" class=\"elementor-tab-content elementor-clearfix\" data-tab=\"1\" role=\"region\" aria-labelledby=\"elementor-tab-title-2651\"><p>In this documentary, we delve into the legacy of Teacher Aura, the primary source of inspiration behind the \u201cAssocia\u00e7\u00e3o Aura\u201d, founded in her honor. Through the journey of this non-profit organization \u2013 deeply rooted in community engagement, culture, preservation, and innovation of traditional Madeiran chordophones \u2013 a story of continuity, affection, and purpose unfolds. The documentary offers an intimate perspective: how the \u201cAssocia\u00e7\u00e3o Aura\u201d views Aura as a mother, education, culture, and the importance of chordophones as instruments of memory and social transformation. Its purpose is clear: to preserve the legacy of those who came before us, honoring them and passing on to future generations the values, knowledge, and roots that shape our identity and our history. \u201cAs long as one of us is here, our essence prevails.\u201d<\/p><\/div>\n\t\t\t\t<\/div>\n\t\t\t\t\t\t\t\t<\/div>\n\t\t\t\t\t\t<\/div>\n\t\t\t\t<\/div>\n\t\t\t\t\t<\/div>\n\t\t<\/div>\n\t\t\t\t\t<\/div>\n\t\t<\/section>\n\t\t\t\t\t<\/div>\n\t\t<\/div>\n\t\t\t\t\t<\/div>\n\t\t<\/section>\n\t\t\t\t<\/div>","protected":false},"excerpt":{"rendered":"<p>DESCUBRA AS NOSSAS OFERTAS DIGITAIS OFERTAS LIVROS DIGITAIS EMPERIUM &#8211; A NEW BEGINNING CLIQUE NA IMAGEM PARA DESCARREGAR N\u00d3S SOMOS&#8230; CLIQUE NA IMAGEM PARA DESCARREGAR DOCUMENT\u00c1RIOS CORDOPHONES MADEIRENSES: ONTEM, HOJE E O AMANH\u00c3 &#8211; Uma Vis\u00e3o Alternativa CLIQUE NO V\u00cdDEO PARA VISUALIZAR SINOPSE Neste document\u00e1rio, mergulhamos no legado da professora Aura, inspira\u00e7\u00e3o maior da Associa\u00e7\u00e3o [&hellip;]<\/p>\n","protected":false},"author":1,"featured_media":0,"parent":0,"menu_order":0,"comment_status":"closed","ping_status":"closed","template":"","meta":{"footnotes":"","_wp_rev_ctl_limit":""},"class_list":["post-2830","page","type-page","status-publish","hentry"],"yoast_head":"<!-- This site is optimized with the Yoast SEO plugin v27.1.1 - https:\/\/yoast.com\/product\/yoast-seo-wordpress\/ -->\n<title>Ofertas - CORDOFONES PRIMOR - Marca Nacional (INPI) N.&ordm; 625893<\/title>\n<meta name=\"description\" content=\"A nossa Marca encontra-se registada como Marca Nacional junto do INPI, tendo o registo sido deferido e publicado no Boletim da PI a 24\/10\/2019.\" \/>\n<meta name=\"robots\" content=\"index, follow, max-snippet:-1, max-image-preview:large, max-video-preview:-1\" \/>\n<link rel=\"canonical\" href=\"https:\/\/cordofonesprimor.com\/en\/ofertas\/\" \/>\n<meta property=\"og:locale\" content=\"en_US\" \/>\n<meta property=\"og:type\" content=\"article\" \/>\n<meta property=\"og:title\" content=\"Ofertas - CORDOFONES PRIMOR - Marca Nacional (INPI) N.&ordm; 625893\" \/>\n<meta property=\"og:description\" content=\"A nossa Marca encontra-se registada como Marca Nacional junto do INPI, tendo o registo sido deferido e publicado no Boletim da PI a 24\/10\/2019.\" \/>\n<meta property=\"og:url\" content=\"https:\/\/cordofonesprimor.com\/en\/ofertas\/\" \/>\n<meta property=\"og:site_name\" content=\"CORDOFONES PRIMOR - Marca Nacional (INPI) N.&ordm; 625893\" \/>\n<meta property=\"article:modified_time\" content=\"2026-02-16T20:00:00+00:00\" \/>\n<meta property=\"og:image\" content=\"https:\/\/cordofonesprimor.com\/wp-content\/uploads\/2026\/02\/LIVRO-EMPERIUM-A-NEW-BEGINNING.png\" \/>\n\t<meta property=\"og:image:width\" content=\"600\" \/>\n\t<meta property=\"og:image:height\" content=\"848\" \/>\n\t<meta property=\"og:image:type\" content=\"image\/png\" \/>\n<meta name=\"twitter:card\" content=\"summary_large_image\" \/>\n<meta name=\"twitter:label1\" content=\"Est. reading time\" \/>\n\t<meta name=\"twitter:data1\" content=\"3 minutes\" \/>\n<script type=\"application\/ld+json\" class=\"yoast-schema-graph\">{\"@context\":\"https:\/\/schema.org\",\"@graph\":[{\"@type\":\"WebPage\",\"@id\":\"https:\/\/cordofonesprimor.com\/ofertas\/\",\"url\":\"https:\/\/cordofonesprimor.com\/ofertas\/\",\"name\":\"Ofertas - CORDOFONES PRIMOR - Marca Nacional (INPI) N.&ordm; 625893\",\"isPartOf\":{\"@id\":\"https:\/\/cordofonesprimor.com\/#website\"},\"primaryImageOfPage\":{\"@id\":\"https:\/\/cordofonesprimor.com\/ofertas\/#primaryimage\"},\"image\":{\"@id\":\"https:\/\/cordofonesprimor.com\/ofertas\/#primaryimage\"},\"thumbnailUrl\":\"https:\/\/cordofonesprimor.com\/wp-content\/uploads\/2026\/02\/LIVRO-EMPERIUM-A-NEW-BEGINNING-212x300.png\",\"datePublished\":\"2026-02-09T19:54:45+00:00\",\"dateModified\":\"2026-02-16T20:00:00+00:00\",\"description\":\"A nossa Marca encontra-se registada como Marca Nacional junto do INPI, tendo o registo sido deferido e publicado no Boletim da PI a 24\/10\/2019.\",\"breadcrumb\":{\"@id\":\"https:\/\/cordofonesprimor.com\/ofertas\/#breadcrumb\"},\"inLanguage\":\"en-US\",\"potentialAction\":[{\"@type\":\"ReadAction\",\"target\":[\"https:\/\/cordofonesprimor.com\/ofertas\/\"]}]},{\"@type\":\"ImageObject\",\"inLanguage\":\"en-US\",\"@id\":\"https:\/\/cordofonesprimor.com\/ofertas\/#primaryimage\",\"url\":\"https:\/\/cordofonesprimor.com\/wp-content\/uploads\/2026\/02\/LIVRO-EMPERIUM-A-NEW-BEGINNING-212x300.png\",\"contentUrl\":\"https:\/\/cordofonesprimor.com\/wp-content\/uploads\/2026\/02\/LIVRO-EMPERIUM-A-NEW-BEGINNING-212x300.png\"},{\"@type\":\"BreadcrumbList\",\"@id\":\"https:\/\/cordofonesprimor.com\/ofertas\/#breadcrumb\",\"itemListElement\":[{\"@type\":\"ListItem\",\"position\":1,\"name\":\"In\u00edcio\",\"item\":\"https:\/\/cordofonesprimor.com\/\"},{\"@type\":\"ListItem\",\"position\":2,\"name\":\"Ofertas\"}]},{\"@type\":\"WebSite\",\"@id\":\"https:\/\/cordofonesprimor.com\/#website\",\"url\":\"https:\/\/cordofonesprimor.com\/\",\"name\":\"CORDOFONES PRIMOR - Marca Nacional (INPI) N.&ordm; 625893\",\"description\":\"Constru&ccedil;&atilde;o, Restauro e Manuten&ccedil;&atilde;o de Instrumentos Musicais\",\"publisher\":{\"@id\":\"https:\/\/cordofonesprimor.com\/#organization\"},\"potentialAction\":[{\"@type\":\"SearchAction\",\"target\":{\"@type\":\"EntryPoint\",\"urlTemplate\":\"https:\/\/cordofonesprimor.com\/?s={search_term_string}\"},\"query-input\":{\"@type\":\"PropertyValueSpecification\",\"valueRequired\":true,\"valueName\":\"search_term_string\"}}],\"inLanguage\":\"en-US\"},{\"@type\":\"Organization\",\"@id\":\"https:\/\/cordofonesprimor.com\/#organization\",\"name\":\"Cordofones Primor\",\"url\":\"https:\/\/cordofonesprimor.com\/\",\"logo\":{\"@type\":\"ImageObject\",\"inLanguage\":\"en-US\",\"@id\":\"https:\/\/cordofonesprimor.com\/#\/schema\/logo\/image\/\",\"url\":\"https:\/\/cordofonesprimor.com\/wp-content\/uploads\/2021\/05\/cropped-logo-Cordofones-primo-A3-1.png\",\"contentUrl\":\"https:\/\/cordofonesprimor.com\/wp-content\/uploads\/2021\/05\/cropped-logo-Cordofones-primo-A3-1.png\",\"width\":1020,\"height\":1024,\"caption\":\"Cordofones Primor\"},\"image\":{\"@id\":\"https:\/\/cordofonesprimor.com\/#\/schema\/logo\/image\/\"}}]}<\/script>\n<!-- \/ Yoast SEO plugin. -->","yoast_head_json":{"title":"Ofertas - CORDOFONES PRIMOR - Marca Nacional (INPI) N.&ordm; 625893","description":"A nossa Marca encontra-se registada como Marca Nacional junto do INPI, tendo o registo sido deferido e publicado no Boletim da PI a 24\/10\/2019.","robots":{"index":"index","follow":"follow","max-snippet":"max-snippet:-1","max-image-preview":"max-image-preview:large","max-video-preview":"max-video-preview:-1"},"canonical":"https:\/\/cordofonesprimor.com\/en\/ofertas\/","og_locale":"en_US","og_type":"article","og_title":"Ofertas - CORDOFONES PRIMOR - Marca Nacional (INPI) N.&ordm; 625893","og_description":"A nossa Marca encontra-se registada como Marca Nacional junto do INPI, tendo o registo sido deferido e publicado no Boletim da PI a 24\/10\/2019.","og_url":"https:\/\/cordofonesprimor.com\/en\/ofertas\/","og_site_name":"CORDOFONES PRIMOR - Marca Nacional (INPI) N.&ordm; 625893","article_modified_time":"2026-02-16T20:00:00+00:00","og_image":[{"width":600,"height":848,"url":"https:\/\/cordofonesprimor.com\/wp-content\/uploads\/2026\/02\/LIVRO-EMPERIUM-A-NEW-BEGINNING.png","type":"image\/png"}],"twitter_card":"summary_large_image","twitter_misc":{"Est. reading time":"3 minutes"},"schema":{"@context":"https:\/\/schema.org","@graph":[{"@type":"WebPage","@id":"https:\/\/cordofonesprimor.com\/ofertas\/","url":"https:\/\/cordofonesprimor.com\/ofertas\/","name":"Ofertas - CORDOFONES PRIMOR - Marca Nacional (INPI) N.&ordm; 625893","isPartOf":{"@id":"https:\/\/cordofonesprimor.com\/#website"},"primaryImageOfPage":{"@id":"https:\/\/cordofonesprimor.com\/ofertas\/#primaryimage"},"image":{"@id":"https:\/\/cordofonesprimor.com\/ofertas\/#primaryimage"},"thumbnailUrl":"https:\/\/cordofonesprimor.com\/wp-content\/uploads\/2026\/02\/LIVRO-EMPERIUM-A-NEW-BEGINNING-212x300.png","datePublished":"2026-02-09T19:54:45+00:00","dateModified":"2026-02-16T20:00:00+00:00","description":"A nossa Marca encontra-se registada como Marca Nacional junto do INPI, tendo o registo sido deferido e publicado no Boletim da PI a 24\/10\/2019.","breadcrumb":{"@id":"https:\/\/cordofonesprimor.com\/ofertas\/#breadcrumb"},"inLanguage":"en-US","potentialAction":[{"@type":"ReadAction","target":["https:\/\/cordofonesprimor.com\/ofertas\/"]}]},{"@type":"ImageObject","inLanguage":"en-US","@id":"https:\/\/cordofonesprimor.com\/ofertas\/#primaryimage","url":"https:\/\/cordofonesprimor.com\/wp-content\/uploads\/2026\/02\/LIVRO-EMPERIUM-A-NEW-BEGINNING-212x300.png","contentUrl":"https:\/\/cordofonesprimor.com\/wp-content\/uploads\/2026\/02\/LIVRO-EMPERIUM-A-NEW-BEGINNING-212x300.png"},{"@type":"BreadcrumbList","@id":"https:\/\/cordofonesprimor.com\/ofertas\/#breadcrumb","itemListElement":[{"@type":"ListItem","position":1,"name":"In\u00edcio","item":"https:\/\/cordofonesprimor.com\/"},{"@type":"ListItem","position":2,"name":"Ofertas"}]},{"@type":"WebSite","@id":"https:\/\/cordofonesprimor.com\/#website","url":"https:\/\/cordofonesprimor.com\/","name":"CORDOFONES PRIMOR - Marca Nacional (INPI) N.&ordm; 625893","description":"Constru&ccedil;&atilde;o, Restauro e Manuten&ccedil;&atilde;o de Instrumentos Musicais","publisher":{"@id":"https:\/\/cordofonesprimor.com\/#organization"},"potentialAction":[{"@type":"SearchAction","target":{"@type":"EntryPoint","urlTemplate":"https:\/\/cordofonesprimor.com\/?s={search_term_string}"},"query-input":{"@type":"PropertyValueSpecification","valueRequired":true,"valueName":"search_term_string"}}],"inLanguage":"en-US"},{"@type":"Organization","@id":"https:\/\/cordofonesprimor.com\/#organization","name":"Cordofones Primor","url":"https:\/\/cordofonesprimor.com\/","logo":{"@type":"ImageObject","inLanguage":"en-US","@id":"https:\/\/cordofonesprimor.com\/#\/schema\/logo\/image\/","url":"https:\/\/cordofonesprimor.com\/wp-content\/uploads\/2021\/05\/cropped-logo-Cordofones-primo-A3-1.png","contentUrl":"https:\/\/cordofonesprimor.com\/wp-content\/uploads\/2021\/05\/cropped-logo-Cordofones-primo-A3-1.png","width":1020,"height":1024,"caption":"Cordofones Primor"},"image":{"@id":"https:\/\/cordofonesprimor.com\/#\/schema\/logo\/image\/"}}]}},"_links":{"self":[{"href":"https:\/\/cordofonesprimor.com\/en\/wp-json\/wp\/v2\/pages\/2830","targetHints":{"allow":["GET"]}}],"collection":[{"href":"https:\/\/cordofonesprimor.com\/en\/wp-json\/wp\/v2\/pages"}],"about":[{"href":"https:\/\/cordofonesprimor.com\/en\/wp-json\/wp\/v2\/types\/page"}],"author":[{"embeddable":true,"href":"https:\/\/cordofonesprimor.com\/en\/wp-json\/wp\/v2\/users\/1"}],"replies":[{"embeddable":true,"href":"https:\/\/cordofonesprimor.com\/en\/wp-json\/wp\/v2\/comments?post=2830"}],"version-history":[{"count":0,"href":"https:\/\/cordofonesprimor.com\/en\/wp-json\/wp\/v2\/pages\/2830\/revisions"}],"wp:attachment":[{"href":"https:\/\/cordofonesprimor.com\/en\/wp-json\/wp\/v2\/media?parent=2830"}],"curies":[{"name":"wp","href":"https:\/\/api.w.org\/{rel}","templated":true}]}}