{"id":612,"date":"2019-10-24T12:00:09","date_gmt":"2019-10-24T11:00:09","guid":{"rendered":"https:\/\/cordofonesprimor.com\/our-story\/"},"modified":"2024-02-12T19:06:46","modified_gmt":"2024-02-12T19:06:46","slug":"historia","status":"publish","type":"page","link":"https:\/\/cordofonesprimor.com\/en\/historia\/","title":{"rendered":"History"},"content":{"rendered":"<div data-elementor-type=\"wp-page\" data-elementor-id=\"612\" class=\"elementor elementor-612\">\n\t\t\t\t\t\t<section class=\"elementor-section elementor-top-section elementor-element elementor-element-0e8c74c elementor-section-boxed elementor-section-height-default elementor-section-height-default\" data-id=\"0e8c74c\" data-element_type=\"section\" data-e-type=\"section\">\n\t\t\t\t\t\t<div class=\"elementor-container elementor-column-gap-no\">\n\t\t\t\t\t<div class=\"elementor-column elementor-col-100 elementor-top-column elementor-element elementor-element-d49d8d4\" data-id=\"d49d8d4\" data-element_type=\"column\" data-e-type=\"column\">\n\t\t\t<div class=\"elementor-widget-wrap elementor-element-populated\">\n\t\t\t\t\t\t<div class=\"elementor-element elementor-element-a381fb1 elementor-widget elementor-widget-heading\" data-id=\"a381fb1\" data-element_type=\"widget\" data-e-type=\"widget\" data-widget_type=\"heading.default\">\n\t\t\t\t<div class=\"elementor-widget-container\">\n\t\t\t\t\t<h6 class=\"elementor-heading-title elementor-size-default\">WORDS HAVE STRENGTH AND AN IMAGE IS WORTH A THOUSAND WORDS!<\/h6>\t\t\t\t<\/div>\n\t\t\t\t<\/div>\n\t\t\t\t<div class=\"elementor-element elementor-element-cd3c5db elementor-widget elementor-widget-heading\" data-id=\"cd3c5db\" data-element_type=\"widget\" data-e-type=\"widget\" data-widget_type=\"heading.default\">\n\t\t\t\t<div class=\"elementor-widget-container\">\n\t\t\t\t\t<h2 class=\"elementor-heading-title elementor-size-default\">OUR HISTORY<\/h2>\t\t\t\t<\/div>\n\t\t\t\t<\/div>\n\t\t\t\t<section class=\"elementor-section elementor-inner-section elementor-element elementor-element-7d6a0a8 elementor-section-boxed elementor-section-height-default elementor-section-height-default\" data-id=\"7d6a0a8\" data-element_type=\"section\" data-e-type=\"section\">\n\t\t\t\t\t\t<div class=\"elementor-container elementor-column-gap-default\">\n\t\t\t\t\t<div class=\"elementor-column elementor-col-50 elementor-inner-column elementor-element elementor-element-2f9c895\" data-id=\"2f9c895\" data-element_type=\"column\" data-e-type=\"column\">\n\t\t\t<div class=\"elementor-widget-wrap elementor-element-populated\">\n\t\t\t\t\t\t<div class=\"elementor-element elementor-element-efde705 elementor-widget elementor-widget-video\" data-id=\"efde705\" data-element_type=\"widget\" data-e-type=\"widget\" data-settings=\"{&quot;youtube_url&quot;:&quot;https:\\\/\\\/youtu.be\\\/Vs4SxYcdSMw&quot;,&quot;video_type&quot;:&quot;youtube&quot;,&quot;controls&quot;:&quot;yes&quot;}\" data-widget_type=\"video.default\">\n\t\t\t\t<div class=\"elementor-widget-container\">\n\t\t\t\t\t\t\t<div class=\"elementor-wrapper elementor-open-inline\">\n\t\t\t<div class=\"elementor-video\"><\/div>\t\t<\/div>\n\t\t\t\t\t\t<\/div>\n\t\t\t\t<\/div>\n\t\t\t\t\t<\/div>\n\t\t<\/div>\n\t\t\t\t<div class=\"elementor-column elementor-col-50 elementor-inner-column elementor-element elementor-element-fec69c5\" data-id=\"fec69c5\" data-element_type=\"column\" data-e-type=\"column\">\n\t\t\t<div class=\"elementor-widget-wrap elementor-element-populated\">\n\t\t\t\t\t\t<div class=\"elementor-element elementor-element-7d329d8 elementor-widget elementor-widget-image\" data-id=\"7d329d8\" data-element_type=\"widget\" data-e-type=\"widget\" data-widget_type=\"image.default\">\n\t\t\t\t<div class=\"elementor-widget-container\">\n\t\t\t\t\t\t\t\t\t\t\t\t\t\t\t\t<a href=\"https:\/\/www.rtp.pt\/play\/p5589\/e407725\/atlantidamadeira2019\">\n\t\t\t\t\t\t\t<img fetchpriority=\"high\" decoding=\"async\" width=\"2048\" height=\"1152\" src=\"https:\/\/cordofonesprimor.com\/wp-content\/uploads\/2021\/07\/Cordofones-Primor-RTP-e1627475217312.jpg\" class=\"attachment-full size-full wp-image-1978\" alt=\"CORDOFONES PRIMOR - Marca Nacional (INPI) N.\u00ba 625893\" srcset=\"https:\/\/cordofonesprimor.com\/wp-content\/uploads\/2021\/07\/Cordofones-Primor-RTP-e1627475217312.jpg 2048w, https:\/\/cordofonesprimor.com\/wp-content\/uploads\/2021\/07\/Cordofones-Primor-RTP-e1627475217312-300x169.jpg 300w, https:\/\/cordofonesprimor.com\/wp-content\/uploads\/2021\/07\/Cordofones-Primor-RTP-e1627475217312-1024x576.jpg 1024w, https:\/\/cordofonesprimor.com\/wp-content\/uploads\/2021\/07\/Cordofones-Primor-RTP-e1627475217312-768x432.jpg 768w, https:\/\/cordofonesprimor.com\/wp-content\/uploads\/2021\/07\/Cordofones-Primor-RTP-e1627475217312-1536x864.jpg 1536w, https:\/\/cordofonesprimor.com\/wp-content\/uploads\/2021\/07\/Cordofones-Primor-RTP-e1627475217312-18x10.jpg 18w\" sizes=\"(max-width: 2048px) 100vw, 2048px\" \/>\t\t\t\t\t\t\t\t<\/a>\n\t\t\t\t\t\t\t\t\t\t\t\t\t\t\t<\/div>\n\t\t\t\t<\/div>\n\t\t\t\t\t<\/div>\n\t\t<\/div>\n\t\t\t\t\t<\/div>\n\t\t<\/section>\n\t\t\t\t<div class=\"elementor-element elementor-element-21739f8 elementor-widget elementor-widget-text-editor\" data-id=\"21739f8\" data-element_type=\"widget\" data-e-type=\"widget\" data-widget_type=\"text-editor.default\">\n\t\t\t\t<div class=\"elementor-widget-container\">\n\t\t\t\t\t\t\t\t\t<p class=\"font_8\">Our Brand is registered as a National Brand with the INPI - National Institute of Industrial Property, and the registration was granted and published in the PI Bulletin on 10\/24\/2019.<\/p><p class=\"font_8\">Our Brand has its own symbolism and meaning, which show who We Are and how we position ourselves in the market.<\/p><p class=\"font_8\">According to the \u201cStandards Manual\u201d of the Brand, \u201ccordophones\u201d are string instruments; in the dictionary of the Portuguese language the word \u201cprimor\u201d means \u201cVery delicate work or done with great perfection. = Masterpiece, Perfection. \u201d<\/p><p class=\"font_8\">Thus, \u201cCordofones Primor\u201d, are traditional Madeiran string instruments (braguinha, raj\u00e3o and viola d'arame) made to perfection.<\/p><p class=\"font_8\">In the logo, the fact that we are facing three instruments is represented in the fact that it contains three distinct elements.<\/p><p class=\"font_8\">It is also intended to represent the delicacy of work in the materials involved, necessary to guarantee an appropriate aesthetic and a pleasant sound.<\/p><p class=\"font_8\">The \"C\" and \"P\" have an evident meaning, as they represent the initials of the brand name.<\/p><p class=\"font_8\">The circle that surrounds them intends to represent the necessary union between all the elements, the desire for durability of the brand (a circle has no beginning or end), perfection in shapes and national identification by the armillary sphere present in the Portuguese flag.<\/p><p class=\"font_8\">Our Brand also appears in a very specific context, namely, within the scope of the musical project \u201c<a href=\"https:\/\/www.facebook.com\/EmperiumBanda\"><span style=\"color: #3366ff;\">EMPERIUM<\/span><\/a>\u201d.\u00a0<strong>For musical need of this project and to try to create professional answers for some of its members<\/strong>, a project for the construction of musical instruments was born, which focused on traditional Madeiran chordphones, mainly the braguinha, with two different aspects (or objectives).<\/p><p class=\"font_8\">Those objectives are:<\/p><p class=\"font_8\">(i) Dissemination of these instruments, their development from a musical and pedagogical point of view, the creation of a credible project, also at a commercial level, for the construction and sale of these instruments and extending their accessibility to all, especially schoolchildren , by building cheaper acoustic cordophones.<\/p><p class=\"font_8\">(ii) Try to launch new instruments, the traditional electric cordophones, starting with braguinha, which will allow their easier insertion in different musical styles, similar to what happens with the \u201cEmperium\u201d, in the scope of which the electric braguinha is used and the electric viola d'arame in a progressive metal band, and the birth of new markets for these musical instruments.<\/p><p class=\"font_8 translation-block\">Our conviction is that the birth of <strong>new musical instruments<\/strong> will give rise to new areas of work, not only with the aforementioned project for the construction of musical instruments, but also with musicians, who will develop <strong>new techniques to play them, in their teaching, in the area commercial and sales<\/strong>.<\/p><p class=\"font_8\">As a complement to the new work areas and new techniques, there will be a need for other associated products, such as straps, boxes, reeds, supports, strings, which will have to be created specifically for these instruments.<\/p><p class=\"font_8\">For example, our Brand already has the following products available<\/p><p class=\"font_8\">(i) Straps, in which one of Madeira's most emblematic handcrafted products is used, embroidery, and others with our traditional fabric, with the potential for much more.<\/p><p class=\"font_8\">(ii) Investment in specific strings for our traditional instruments, which did not exist. A partnership was established with APC, the 2nd largest instrument construction company in Europe, with the coordination of Prof. Roberto Moniz, and that company created a carbon rope, which we have already tested and which have already been ordered so that they can be applied to the instruments.<\/p><p class=\"font_8\">(iii) We are also coordinating with APC for the production of nickel strings for electrical instruments.<\/p><p class=\"font_8\">The potential, if we use the ukulele as a parallel, which was born from these cordophones (the braguinha and the raj\u00e3o), are immense...<\/p><p class=\"font_8\"><strong>We will have to take Madeiran cordophones to travel all over the world!<\/strong><\/p>\t\t\t\t\t\t\t\t<\/div>\n\t\t\t\t<\/div>\n\t\t\t\t<section class=\"elementor-section elementor-inner-section elementor-element elementor-element-b19f943 elementor-section-boxed elementor-section-height-default elementor-section-height-default\" data-id=\"b19f943\" data-element_type=\"section\" data-e-type=\"section\">\n\t\t\t\t\t\t<div class=\"elementor-container elementor-column-gap-default\">\n\t\t\t\t\t<div class=\"elementor-column elementor-col-100 elementor-inner-column elementor-element elementor-element-6bde1cd\" data-id=\"6bde1cd\" data-element_type=\"column\" data-e-type=\"column\">\n\t\t\t<div class=\"elementor-widget-wrap elementor-element-populated\">\n\t\t\t\t\t\t<div class=\"elementor-element elementor-element-9c3d317 elementor-widget elementor-widget-image\" data-id=\"9c3d317\" data-element_type=\"widget\" data-e-type=\"widget\" data-widget_type=\"image.default\">\n\t\t\t\t<div class=\"elementor-widget-container\">\n\t\t\t\t\t\t\t\t\t\t\t\t\t\t\t\t<a href=\"https:\/\/www.rtp.pt\/play\/p5589\/e407725\/atlantidamadeira2019\">\n\t\t\t\t\t\t\t<img decoding=\"async\" width=\"768\" height=\"432\" src=\"https:\/\/cordofonesprimor.com\/wp-content\/uploads\/2024\/02\/2019-11-13-768x432.jpg\" class=\"attachment-medium_large size-medium_large wp-image-2734\" alt=\"\" srcset=\"https:\/\/cordofonesprimor.com\/wp-content\/uploads\/2024\/02\/2019-11-13-768x432.jpg 768w, https:\/\/cordofonesprimor.com\/wp-content\/uploads\/2024\/02\/2019-11-13-300x169.jpg 300w, https:\/\/cordofonesprimor.com\/wp-content\/uploads\/2024\/02\/2019-11-13-18x10.jpg 18w, https:\/\/cordofonesprimor.com\/wp-content\/uploads\/2024\/02\/2019-11-13.jpg 1024w\" sizes=\"(max-width: 768px) 100vw, 768px\" \/>\t\t\t\t\t\t\t\t<\/a>\n\t\t\t\t\t\t\t\t\t\t\t\t\t\t\t<\/div>\n\t\t\t\t<\/div>\n\t\t\t\t\t<\/div>\n\t\t<\/div>\n\t\t\t\t\t<\/div>\n\t\t<\/section>\n\t\t\t\t\t<\/div>\n\t\t<\/div>\n\t\t\t\t\t<\/div>\n\t\t<\/section>\n\t\t\t\t<\/div>","protected":false},"excerpt":{"rendered":"<p>AS PALAVRAS T\u00caM FOR\u00c7A E UMA IMAGEM VALE POR MIL PALAVRAS! A NOSSA HIST\u00d3RIA A nossa Marca encontra-se registada como Marca Nacional junto do INPI \u2013 Instituto Nacional da Propriedade Industrial, tendo o registo sido deferido e publicado no Boletim da PI a 24\/10\/2019. A nossa Marca tem uma simbologia e significado muito pr\u00f3prios, que [&hellip;]<\/p>\n","protected":false},"author":1,"featured_media":0,"parent":0,"menu_order":0,"comment_status":"closed","ping_status":"closed","template":"","meta":{"footnotes":"","_wp_rev_ctl_limit":""},"class_list":["post-612","page","type-page","status-publish","hentry"],"yoast_head":"<!-- This site is optimized with the Yoast SEO plugin v27.1.1 - https:\/\/yoast.com\/product\/yoast-seo-wordpress\/ -->\n<title>Hist\u00f3ria - CORDOFONES PRIMOR - Marca Nacional (INPI) N.&ordm; 625893<\/title>\n<meta name=\"description\" content=\"A nossa Marca encontra-se registada como Marca Nacional junto do INPI, tendo o registo sido deferido e publicado no Boletim da PI a 24\/10\/2019.\" \/>\n<meta name=\"robots\" content=\"index, follow, max-snippet:-1, max-image-preview:large, max-video-preview:-1\" \/>\n<link rel=\"canonical\" href=\"https:\/\/cordofonesprimor.com\/en\/historia\/\" \/>\n<meta property=\"og:locale\" content=\"en_US\" \/>\n<meta property=\"og:type\" content=\"article\" \/>\n<meta property=\"og:title\" content=\"Hist\u00f3ria - CORDOFONES PRIMOR - Marca Nacional (INPI) N.&ordm; 625893\" \/>\n<meta property=\"og:description\" content=\"A nossa Marca encontra-se registada como Marca Nacional junto do INPI, tendo o registo sido deferido e publicado no Boletim da PI a 24\/10\/2019.\" \/>\n<meta property=\"og:url\" content=\"https:\/\/cordofonesprimor.com\/en\/historia\/\" \/>\n<meta property=\"og:site_name\" content=\"CORDOFONES PRIMOR - Marca Nacional (INPI) N.&ordm; 625893\" \/>\n<meta property=\"article:modified_time\" content=\"2024-02-12T19:06:46+00:00\" \/>\n<meta property=\"og:image\" content=\"https:\/\/cordofonesprimor.com\/wp-content\/uploads\/2021\/07\/Cordofones-Primor-RTP-e1627475217312.jpg\" \/>\n<meta name=\"twitter:card\" content=\"summary_large_image\" \/>\n<meta name=\"twitter:label1\" content=\"Est. reading time\" \/>\n\t<meta name=\"twitter:data1\" content=\"3 minutes\" \/>\n<script type=\"application\/ld+json\" class=\"yoast-schema-graph\">{\"@context\":\"https:\/\/schema.org\",\"@graph\":[{\"@type\":\"WebPage\",\"@id\":\"https:\/\/cordofonesprimor.com\/historia\/\",\"url\":\"https:\/\/cordofonesprimor.com\/historia\/\",\"name\":\"Hist\u00f3ria - CORDOFONES PRIMOR - Marca Nacional (INPI) N.&ordm; 625893\",\"isPartOf\":{\"@id\":\"https:\/\/cordofonesprimor.com\/#website\"},\"primaryImageOfPage\":{\"@id\":\"https:\/\/cordofonesprimor.com\/historia\/#primaryimage\"},\"image\":{\"@id\":\"https:\/\/cordofonesprimor.com\/historia\/#primaryimage\"},\"thumbnailUrl\":\"https:\/\/cordofonesprimor.com\/wp-content\/uploads\/2021\/07\/Cordofones-Primor-RTP-e1627475217312.jpg\",\"datePublished\":\"2019-10-24T11:00:09+00:00\",\"dateModified\":\"2024-02-12T19:06:46+00:00\",\"description\":\"A nossa Marca encontra-se registada como Marca Nacional junto do INPI, tendo o registo sido deferido e publicado no Boletim da PI a 24\/10\/2019.\",\"breadcrumb\":{\"@id\":\"https:\/\/cordofonesprimor.com\/historia\/#breadcrumb\"},\"inLanguage\":\"en-US\",\"potentialAction\":[{\"@type\":\"ReadAction\",\"target\":[\"https:\/\/cordofonesprimor.com\/historia\/\"]}]},{\"@type\":\"ImageObject\",\"inLanguage\":\"en-US\",\"@id\":\"https:\/\/cordofonesprimor.com\/historia\/#primaryimage\",\"url\":\"https:\/\/cordofonesprimor.com\/wp-content\/uploads\/2021\/07\/Cordofones-Primor-RTP-e1627475217312.jpg\",\"contentUrl\":\"https:\/\/cordofonesprimor.com\/wp-content\/uploads\/2021\/07\/Cordofones-Primor-RTP-e1627475217312.jpg\"},{\"@type\":\"BreadcrumbList\",\"@id\":\"https:\/\/cordofonesprimor.com\/historia\/#breadcrumb\",\"itemListElement\":[{\"@type\":\"ListItem\",\"position\":1,\"name\":\"In\u00edcio\",\"item\":\"https:\/\/cordofonesprimor.com\/\"},{\"@type\":\"ListItem\",\"position\":2,\"name\":\"Hist\u00f3ria\"}]},{\"@type\":\"WebSite\",\"@id\":\"https:\/\/cordofonesprimor.com\/#website\",\"url\":\"https:\/\/cordofonesprimor.com\/\",\"name\":\"CORDOFONES PRIMOR - Marca Nacional (INPI) N.&ordm; 625893\",\"description\":\"Constru&ccedil;&atilde;o, Restauro e Manuten&ccedil;&atilde;o de Instrumentos Musicais\",\"publisher\":{\"@id\":\"https:\/\/cordofonesprimor.com\/#organization\"},\"potentialAction\":[{\"@type\":\"SearchAction\",\"target\":{\"@type\":\"EntryPoint\",\"urlTemplate\":\"https:\/\/cordofonesprimor.com\/?s={search_term_string}\"},\"query-input\":{\"@type\":\"PropertyValueSpecification\",\"valueRequired\":true,\"valueName\":\"search_term_string\"}}],\"inLanguage\":\"en-US\"},{\"@type\":\"Organization\",\"@id\":\"https:\/\/cordofonesprimor.com\/#organization\",\"name\":\"Cordofones Primor\",\"url\":\"https:\/\/cordofonesprimor.com\/\",\"logo\":{\"@type\":\"ImageObject\",\"inLanguage\":\"en-US\",\"@id\":\"https:\/\/cordofonesprimor.com\/#\/schema\/logo\/image\/\",\"url\":\"https:\/\/cordofonesprimor.com\/wp-content\/uploads\/2021\/05\/cropped-logo-Cordofones-primo-A3-1.png\",\"contentUrl\":\"https:\/\/cordofonesprimor.com\/wp-content\/uploads\/2021\/05\/cropped-logo-Cordofones-primo-A3-1.png\",\"width\":1020,\"height\":1024,\"caption\":\"Cordofones Primor\"},\"image\":{\"@id\":\"https:\/\/cordofonesprimor.com\/#\/schema\/logo\/image\/\"}}]}<\/script>\n<!-- \/ Yoast SEO plugin. -->","yoast_head_json":{"title":"Hist\u00f3ria - CORDOFONES PRIMOR - Marca Nacional (INPI) N.&ordm; 625893","description":"A nossa Marca encontra-se registada como Marca Nacional junto do INPI, tendo o registo sido deferido e publicado no Boletim da PI a 24\/10\/2019.","robots":{"index":"index","follow":"follow","max-snippet":"max-snippet:-1","max-image-preview":"max-image-preview:large","max-video-preview":"max-video-preview:-1"},"canonical":"https:\/\/cordofonesprimor.com\/en\/historia\/","og_locale":"en_US","og_type":"article","og_title":"Hist\u00f3ria - CORDOFONES PRIMOR - Marca Nacional (INPI) N.&ordm; 625893","og_description":"A nossa Marca encontra-se registada como Marca Nacional junto do INPI, tendo o registo sido deferido e publicado no Boletim da PI a 24\/10\/2019.","og_url":"https:\/\/cordofonesprimor.com\/en\/historia\/","og_site_name":"CORDOFONES PRIMOR - Marca Nacional (INPI) N.&ordm; 625893","article_modified_time":"2024-02-12T19:06:46+00:00","og_image":[{"url":"https:\/\/cordofonesprimor.com\/wp-content\/uploads\/2021\/07\/Cordofones-Primor-RTP-e1627475217312.jpg","type":"","width":"","height":""}],"twitter_card":"summary_large_image","twitter_misc":{"Est. reading time":"3 minutes"},"schema":{"@context":"https:\/\/schema.org","@graph":[{"@type":"WebPage","@id":"https:\/\/cordofonesprimor.com\/historia\/","url":"https:\/\/cordofonesprimor.com\/historia\/","name":"Hist\u00f3ria - CORDOFONES PRIMOR - Marca Nacional (INPI) N.&ordm; 625893","isPartOf":{"@id":"https:\/\/cordofonesprimor.com\/#website"},"primaryImageOfPage":{"@id":"https:\/\/cordofonesprimor.com\/historia\/#primaryimage"},"image":{"@id":"https:\/\/cordofonesprimor.com\/historia\/#primaryimage"},"thumbnailUrl":"https:\/\/cordofonesprimor.com\/wp-content\/uploads\/2021\/07\/Cordofones-Primor-RTP-e1627475217312.jpg","datePublished":"2019-10-24T11:00:09+00:00","dateModified":"2024-02-12T19:06:46+00:00","description":"A nossa Marca encontra-se registada como Marca Nacional junto do INPI, tendo o registo sido deferido e publicado no Boletim da PI a 24\/10\/2019.","breadcrumb":{"@id":"https:\/\/cordofonesprimor.com\/historia\/#breadcrumb"},"inLanguage":"en-US","potentialAction":[{"@type":"ReadAction","target":["https:\/\/cordofonesprimor.com\/historia\/"]}]},{"@type":"ImageObject","inLanguage":"en-US","@id":"https:\/\/cordofonesprimor.com\/historia\/#primaryimage","url":"https:\/\/cordofonesprimor.com\/wp-content\/uploads\/2021\/07\/Cordofones-Primor-RTP-e1627475217312.jpg","contentUrl":"https:\/\/cordofonesprimor.com\/wp-content\/uploads\/2021\/07\/Cordofones-Primor-RTP-e1627475217312.jpg"},{"@type":"BreadcrumbList","@id":"https:\/\/cordofonesprimor.com\/historia\/#breadcrumb","itemListElement":[{"@type":"ListItem","position":1,"name":"In\u00edcio","item":"https:\/\/cordofonesprimor.com\/"},{"@type":"ListItem","position":2,"name":"Hist\u00f3ria"}]},{"@type":"WebSite","@id":"https:\/\/cordofonesprimor.com\/#website","url":"https:\/\/cordofonesprimor.com\/","name":"CORDOFONES PRIMOR - Marca Nacional (INPI) N.&ordm; 625893","description":"Constru&ccedil;&atilde;o, Restauro e Manuten&ccedil;&atilde;o de Instrumentos Musicais","publisher":{"@id":"https:\/\/cordofonesprimor.com\/#organization"},"potentialAction":[{"@type":"SearchAction","target":{"@type":"EntryPoint","urlTemplate":"https:\/\/cordofonesprimor.com\/?s={search_term_string}"},"query-input":{"@type":"PropertyValueSpecification","valueRequired":true,"valueName":"search_term_string"}}],"inLanguage":"en-US"},{"@type":"Organization","@id":"https:\/\/cordofonesprimor.com\/#organization","name":"Cordofones Primor","url":"https:\/\/cordofonesprimor.com\/","logo":{"@type":"ImageObject","inLanguage":"en-US","@id":"https:\/\/cordofonesprimor.com\/#\/schema\/logo\/image\/","url":"https:\/\/cordofonesprimor.com\/wp-content\/uploads\/2021\/05\/cropped-logo-Cordofones-primo-A3-1.png","contentUrl":"https:\/\/cordofonesprimor.com\/wp-content\/uploads\/2021\/05\/cropped-logo-Cordofones-primo-A3-1.png","width":1020,"height":1024,"caption":"Cordofones Primor"},"image":{"@id":"https:\/\/cordofonesprimor.com\/#\/schema\/logo\/image\/"}}]}},"_links":{"self":[{"href":"https:\/\/cordofonesprimor.com\/en\/wp-json\/wp\/v2\/pages\/612","targetHints":{"allow":["GET"]}}],"collection":[{"href":"https:\/\/cordofonesprimor.com\/en\/wp-json\/wp\/v2\/pages"}],"about":[{"href":"https:\/\/cordofonesprimor.com\/en\/wp-json\/wp\/v2\/types\/page"}],"author":[{"embeddable":true,"href":"https:\/\/cordofonesprimor.com\/en\/wp-json\/wp\/v2\/users\/1"}],"replies":[{"embeddable":true,"href":"https:\/\/cordofonesprimor.com\/en\/wp-json\/wp\/v2\/comments?post=612"}],"version-history":[{"count":0,"href":"https:\/\/cordofonesprimor.com\/en\/wp-json\/wp\/v2\/pages\/612\/revisions"}],"wp:attachment":[{"href":"https:\/\/cordofonesprimor.com\/en\/wp-json\/wp\/v2\/media?parent=612"}],"curies":[{"name":"wp","href":"https:\/\/api.w.org\/{rel}","templated":true}]}}